{"id":1365,"date":"2023-02-06T11:11:37","date_gmt":"2023-02-06T15:11:37","guid":{"rendered":"https:\/\/new.iconex.cl\/?page_id=1365"},"modified":"2023-02-14T11:52:13","modified_gmt":"2023-02-14T15:52:13","slug":"soporte","status":"publish","type":"page","link":"https:\/\/www.iconex.cl\/index.php\/soporte\/","title":{"rendered":"Soporte"},"content":{"rendered":"\t\t<div data-elementor-type=\"wp-page\" data-elementor-id=\"1365\" class=\"elementor elementor-1365\">\n\t\t\t\t\t\t<section class=\"elementor-section elementor-top-section elementor-element elementor-element-b83fba0 elementor-section-boxed elementor-section-height-default elementor-section-height-default\" data-id=\"b83fba0\" data-element_type=\"section\" data-e-type=\"section\" data-settings=\"{&quot;background_background&quot;:&quot;slideshow&quot;,&quot;background_slideshow_gallery&quot;:[{&quot;id&quot;:1814,&quot;url&quot;:&quot;https:\\\/\\\/www.iconex.cl\\\/wp-content\\\/uploads\\\/2023\\\/02\\\/8-2.jpg&quot;},{&quot;id&quot;:1815,&quot;url&quot;:&quot;https:\\\/\\\/www.iconex.cl\\\/wp-content\\\/uploads\\\/2023\\\/02\\\/9-1.jpg&quot;}],&quot;background_slideshow_slide_duration&quot;:3000,&quot;background_slideshow_ken_burns&quot;:&quot;yes&quot;,&quot;background_slideshow_loop&quot;:&quot;yes&quot;,&quot;background_slideshow_slide_transition&quot;:&quot;fade&quot;,&quot;background_slideshow_transition_duration&quot;:500,&quot;background_slideshow_ken_burns_zoom_direction&quot;:&quot;in&quot;}\">\n\t\t\t\t\t\t\t<div class=\"elementor-background-overlay\"><\/div>\n\t\t\t\t\t\t\t<div class=\"elementor-container elementor-column-gap-no\">\n\t\t\t\t\t<div class=\"elementor-column elementor-col-100 elementor-top-column elementor-element elementor-element-9881aa0\" data-id=\"9881aa0\" data-element_type=\"column\" data-e-type=\"column\">\n\t\t\t<div class=\"elementor-widget-wrap elementor-element-populated\">\n\t\t\t\t\t\t<div class=\"elementor-element elementor-element-c5aaabc elementor-widget elementor-widget-heading\" data-id=\"c5aaabc\" data-element_type=\"widget\" data-e-type=\"widget\" data-widget_type=\"heading.default\">\n\t\t\t\t<div class=\"elementor-widget-container\">\n\t\t\t\t\t<h1 class=\"elementor-heading-title elementor-size-default\">Soporte<\/h1>\t\t\t\t<\/div>\n\t\t\t\t<\/div>\n\t\t\t\t\t<\/div>\n\t\t<\/div>\n\t\t\t\t\t<\/div>\n\t\t<\/section>\n\t\t\t\t<section class=\"elementor-section elementor-top-section elementor-element elementor-element-46dbe75 elementor-section-boxed elementor-section-height-default elementor-section-height-default\" data-id=\"46dbe75\" data-element_type=\"section\" data-e-type=\"section\" data-settings=\"{&quot;background_background&quot;:&quot;classic&quot;}\">\n\t\t\t\t\t\t<div class=\"elementor-container elementor-column-gap-no\">\n\t\t\t\t\t<div class=\"elementor-column elementor-col-100 elementor-top-column elementor-element elementor-element-06a052b\" data-id=\"06a052b\" data-element_type=\"column\" data-e-type=\"column\">\n\t\t\t<div class=\"elementor-widget-wrap elementor-element-populated\">\n\t\t\t\t\t\t<div class=\"elementor-element elementor-element-f484056 elementor-widget elementor-widget-heading\" data-id=\"f484056\" data-element_type=\"widget\" data-e-type=\"widget\" data-widget_type=\"heading.default\">\n\t\t\t\t<div class=\"elementor-widget-container\">\n\t\t\t\t\t<h4 class=\"elementor-heading-title elementor-size-default\">\u00bfProblemas con tus servicios?<\/h4>\t\t\t\t<\/div>\n\t\t\t\t<\/div>\n\t\t\t\t<div class=\"elementor-element elementor-element-0295d7e elementor-widget elementor-widget-heading\" data-id=\"0295d7e\" data-element_type=\"widget\" data-e-type=\"widget\" data-widget_type=\"heading.default\">\n\t\t\t\t<div class=\"elementor-widget-container\">\n\t\t\t\t\t<h2 class=\"elementor-heading-title elementor-size-default\">Toma Contacto con nuestro Personal<\/h2>\t\t\t\t<\/div>\n\t\t\t\t<\/div>\n\t\t\t\t<div class=\"elementor-element elementor-element-9a69ea3 elementor-widget elementor-widget-heading\" data-id=\"9a69ea3\" data-element_type=\"widget\" data-e-type=\"widget\" data-widget_type=\"heading.default\">\n\t\t\t\t<div class=\"elementor-widget-container\">\n\t\t\t\t\t<h3 class=\"elementor-heading-title elementor-size-default\">Muchas veces tus servicios pueden presentar inconvenientes.\nNuestra misi\u00f3n es asegurarnos que tengas la respuesta mas r\u00e1pida a todos tus problemas.<\/h3>\t\t\t\t<\/div>\n\t\t\t\t<\/div>\n\t\t\t\t\t<\/div>\n\t\t<\/div>\n\t\t\t\t\t<\/div>\n\t\t<\/section>\n\t\t\t\t<section class=\"elementor-section elementor-top-section elementor-element elementor-element-215cd10 elementor-section-boxed elementor-section-height-default elementor-section-height-default\" data-id=\"215cd10\" data-element_type=\"section\" data-e-type=\"section\" data-settings=\"{&quot;background_background&quot;:&quot;classic&quot;}\">\n\t\t\t\t\t\t<div class=\"elementor-container elementor-column-gap-no\">\n\t\t\t\t\t<div class=\"elementor-column elementor-col-100 elementor-top-column elementor-element elementor-element-4a64937\" data-id=\"4a64937\" data-element_type=\"column\" data-e-type=\"column\">\n\t\t\t<div class=\"elementor-widget-wrap elementor-element-populated\">\n\t\t\t\t\t\t<section class=\"elementor-section elementor-inner-section elementor-element elementor-element-db5c868 elementor-section-boxed elementor-section-height-default elementor-section-height-default\" data-id=\"db5c868\" data-element_type=\"section\" data-e-type=\"section\">\n\t\t\t\t\t\t<div class=\"elementor-container elementor-column-gap-no\">\n\t\t\t\t\t<div class=\"elementor-column elementor-col-50 elementor-inner-column elementor-element elementor-element-e49ab1a\" data-id=\"e49ab1a\" data-element_type=\"column\" data-e-type=\"column\" data-settings=\"{&quot;background_background&quot;:&quot;classic&quot;}\">\n\t\t\t<div class=\"elementor-widget-wrap elementor-element-populated\">\n\t\t\t\t\t\t<div class=\"elementor-element elementor-element-30a2144 elementor-widget elementor-widget-heading\" data-id=\"30a2144\" data-element_type=\"widget\" data-e-type=\"widget\" data-widget_type=\"heading.default\">\n\t\t\t\t<div class=\"elementor-widget-container\">\n\t\t\t\t\t<h2 class=\"elementor-heading-title elementor-size-default\">Centro de Soporte<\/h2>\t\t\t\t<\/div>\n\t\t\t\t<\/div>\n\t\t\t\t<div class=\"elementor-element elementor-element-503fe50 elementor-widget elementor-widget-text-editor\" data-id=\"503fe50\" data-element_type=\"widget\" data-e-type=\"widget\" data-widget_type=\"text-editor.default\">\n\t\t\t\t<div class=\"elementor-widget-container\">\n\t\t\t\t\t\t\t\t\t<p class=\"p1\">Ingresa a nuestro sistema de Tickets en Linea y d\u00e9janos tu problema. Ademas, podr\u00e1s ver en vivo el avance de tu Ticket conociendo de primera mano en cuanto tiempo sera resuelto.<\/p>\t\t\t\t\t\t\t\t<\/div>\n\t\t\t\t<\/div>\n\t\t\t\t<div class=\"elementor-element elementor-element-42ac092 elementor-widget__width-auto elementor-widget elementor-widget-button\" data-id=\"42ac092\" data-element_type=\"widget\" data-e-type=\"widget\" data-widget_type=\"button.default\">\n\t\t\t\t<div class=\"elementor-widget-container\">\n\t\t\t\t\t\t\t\t\t<div class=\"elementor-button-wrapper\">\n\t\t\t\t\t<a class=\"elementor-button elementor-button-link elementor-size-sm\" href=\"https:\/\/soporte.iconex.cl\/\" target=\"_blank\">\n\t\t\t\t\t\t<span class=\"elementor-button-content-wrapper\">\n\t\t\t\t\t\t<span class=\"elementor-button-icon\">\n\t\t\t\t<i aria-hidden=\"true\" class=\"fas fa-angle-double-right\"><\/i>\t\t\t<\/span>\n\t\t\t\t\t\t\t\t\t<span class=\"elementor-button-text\">Centro de Soporte<\/span>\n\t\t\t\t\t<\/span>\n\t\t\t\t\t<\/a>\n\t\t\t\t<\/div>\n\t\t\t\t\t\t\t\t<\/div>\n\t\t\t\t<\/div>\n\t\t\t\t\t<\/div>\n\t\t<\/div>\n\t\t\t\t<div class=\"elementor-column elementor-col-50 elementor-inner-column elementor-element elementor-element-59cc392\" data-id=\"59cc392\" data-element_type=\"column\" data-e-type=\"column\">\n\t\t\t<div class=\"elementor-widget-wrap elementor-element-populated\">\n\t\t\t\t\t\t<div class=\"elementor-element elementor-element-785587b elementor-widget elementor-widget-heading\" data-id=\"785587b\" data-element_type=\"widget\" data-e-type=\"widget\" data-widget_type=\"heading.default\">\n\t\t\t\t<div class=\"elementor-widget-container\">\n\t\t\t\t\t<h2 class=\"elementor-heading-title elementor-size-default\">Otras Alternativas<\/h2>\t\t\t\t<\/div>\n\t\t\t\t<\/div>\n\t\t\t\t<div class=\"elementor-element elementor-element-b33a299 elementor-vertical-align-top elementor-widget elementor-widget-image-box\" data-id=\"b33a299\" data-element_type=\"widget\" data-e-type=\"widget\" data-widget_type=\"image-box.default\">\n\t\t\t\t<div class=\"elementor-widget-container\">\n\t\t\t\t\t<div class=\"elementor-image-box-wrapper\"><div class=\"elementor-image-box-content\"><h4 class=\"elementor-image-box-title\"><a href=\"tel:+56-44-260-0500\">Tel\u00e9fono<\/a><\/h4><p class=\"elementor-image-box-description\">+56 44 260 0500<\/p><\/div><\/div>\t\t\t\t<\/div>\n\t\t\t\t<\/div>\n\t\t\t\t<div class=\"elementor-element elementor-element-21a4347 elementor-vertical-align-top elementor-widget elementor-widget-image-box\" data-id=\"21a4347\" data-element_type=\"widget\" data-e-type=\"widget\" data-widget_type=\"image-box.default\">\n\t\t\t\t<div class=\"elementor-widget-container\">\n\t\t\t\t\t<div class=\"elementor-image-box-wrapper\"><div class=\"elementor-image-box-content\"><h4 class=\"elementor-image-box-title\"><a href=\"https:\/\/wa.me\/56921652079\" target=\"_blank\">WhatsApp<\/a><\/h4><p class=\"elementor-image-box-description\">+569 2165 2079<\/p><\/div><\/div>\t\t\t\t<\/div>\n\t\t\t\t<\/div>\n\t\t\t\t<div class=\"elementor-element elementor-element-c7cf8fd elementor-vertical-align-top elementor-widget elementor-widget-image-box\" data-id=\"c7cf8fd\" data-element_type=\"widget\" data-e-type=\"widget\" data-widget_type=\"image-box.default\">\n\t\t\t\t<div class=\"elementor-widget-container\">\n\t\t\t\t\t<div class=\"elementor-image-box-wrapper\"><div class=\"elementor-image-box-content\"><h4 class=\"elementor-image-box-title\"><a href=\"https:\/\/goo.gl\/maps\/qccrceUAqXmC3p5G8\">Direcci\u00f3n:<\/a><\/h4><p class=\"elementor-image-box-description\">El Bosque 1178, Placilla, Valparaiso.<\/p><\/div><\/div>\t\t\t\t<\/div>\n\t\t\t\t<\/div>\n\t\t\t\t<div class=\"elementor-element elementor-element-28b060e elementor-vertical-align-top elementor-widget elementor-widget-image-box\" data-id=\"28b060e\" data-element_type=\"widget\" data-e-type=\"widget\" data-widget_type=\"image-box.default\">\n\t\t\t\t<div class=\"elementor-widget-container\">\n\t\t\t\t\t<div class=\"elementor-image-box-wrapper\"><div class=\"elementor-image-box-content\"><h4 class=\"elementor-image-box-title\"><a href=\"mailto:contacto@iconex.cl\">Email:<\/a><\/h4><p class=\"elementor-image-box-description\">contacto@iconex.cl<\/p><\/div><\/div>\t\t\t\t<\/div>\n\t\t\t\t<\/div>\n\t\t\t\t\t<\/div>\n\t\t<\/div>\n\t\t\t\t\t<\/div>\n\t\t<\/section>\n\t\t\t\t<div class=\"elementor-element elementor-element-ec69c30 elementor-widget-divider--view-line elementor-widget elementor-widget-divider\" data-id=\"ec69c30\" data-element_type=\"widget\" data-e-type=\"widget\" data-widget_type=\"divider.default\">\n\t\t\t\t<div class=\"elementor-widget-container\">\n\t\t\t\t\t\t\t<div class=\"elementor-divider\">\n\t\t\t<span class=\"elementor-divider-separator\">\n\t\t\t\t\t\t<\/span>\n\t\t<\/div>\n\t\t\t\t\t\t<\/div>\n\t\t\t\t<\/div>\n\t\t\t\t\t<\/div>\n\t\t<\/div>\n\t\t\t\t\t<\/div>\n\t\t<\/section>\n\t\t\t\t<\/div>\n\t\t","protected":false},"excerpt":{"rendered":"<p>Soporte \u00bfProblemas con tus servicios? Toma Contacto con nuestro Personal Muchas veces tus servicios pueden presentar inconvenientes. Nuestra misi\u00f3n es asegurarnos que tengas la respuesta mas r\u00e1pida a todos tus problemas. Centro de Soporte Ingresa a nuestro sistema de Tickets en Linea y d\u00e9janos tu problema. Ademas, podr\u00e1s ver en vivo el avance de tu [&hellip;]<\/p>\n","protected":false},"author":4,"featured_media":0,"parent":0,"menu_order":0,"comment_status":"closed","ping_status":"closed","template":"","meta":{"site-sidebar-layout":"no-sidebar","site-content-layout":"page-builder","ast-site-content-layout":"default","site-content-style":"default","site-sidebar-style":"default","ast-global-header-display":"","ast-banner-title-visibility":"","ast-main-header-display":"","ast-hfb-above-header-display":"","ast-hfb-below-header-display":"","ast-hfb-mobile-header-display":"","site-post-title":"disabled","ast-breadcrumbs-content":"disabled","ast-featured-img":"disabled","footer-sml-layout":"","ast-disable-related-posts":"","theme-transparent-header-meta":"disabled","adv-header-id-meta":"","stick-header-meta":"default","header-above-stick-meta":"","header-main-stick-meta":"","header-below-stick-meta":"","astra-migrate-meta-layouts":"default","ast-page-background-enabled":"default","ast-page-background-meta":{"desktop":{"background-color":"var(--ast-global-color-4)","background-image":"","background-repeat":"repeat","background-position":"center center","background-size":"auto","background-attachment":"scroll","background-type":"","background-media":"","overlay-type":"","overlay-color":"","overlay-opacity":"","overlay-gradient":""},"tablet":{"background-color":"","background-image":"","background-repeat":"repeat","background-position":"center center","background-size":"auto","background-attachment":"scroll","background-type":"","background-media":"","overlay-type":"","overlay-color":"","overlay-opacity":"","overlay-gradient":""},"mobile":{"background-color":"","background-image":"","background-repeat":"repeat","background-position":"center center","background-size":"auto","background-attachment":"scroll","background-type":"","background-media":"","overlay-type":"","overlay-color":"","overlay-opacity":"","overlay-gradient":""}},"ast-content-background-meta":{"desktop":{"background-color":"var(--ast-global-color-5)","background-image":"","background-repeat":"repeat","background-position":"center center","background-size":"auto","background-attachment":"scroll","background-type":"","background-media":"","overlay-type":"","overlay-color":"","overlay-opacity":"","overlay-gradient":""},"tablet":{"background-color":"var(--ast-global-color-5)","background-image":"","background-repeat":"repeat","background-position":"center center","background-size":"auto","background-attachment":"scroll","background-type":"","background-media":"","overlay-type":"","overlay-color":"","overlay-opacity":"","overlay-gradient":""},"mobile":{"background-color":"var(--ast-global-color-5)","background-image":"","background-repeat":"repeat","background-position":"center center","background-size":"auto","background-attachment":"scroll","background-type":"","background-media":"","overlay-type":"","overlay-color":"","overlay-opacity":"","overlay-gradient":""}},"footnotes":""},"class_list":["post-1365","page","type-page","status-publish","hentry"],"yoast_head":"<!-- This site is optimized with the Yoast SEO plugin v27.5 - https:\/\/yoast.com\/product\/yoast-seo-wordpress\/ -->\n<title>Soporte - ICONEX - Conectividad a Tu Alcance<\/title>\n<meta name=\"robots\" content=\"index, follow, max-snippet:-1, max-image-preview:large, max-video-preview:-1\" \/>\n<link rel=\"canonical\" href=\"https:\/\/www.iconex.cl\/index.php\/soporte\/\" \/>\n<meta property=\"og:locale\" content=\"es_ES\" \/>\n<meta property=\"og:type\" content=\"article\" \/>\n<meta property=\"og:title\" content=\"Soporte - ICONEX - Conectividad a Tu Alcance\" \/>\n<meta property=\"og:description\" content=\"Soporte \u00bfProblemas con tus servicios? Toma Contacto con nuestro Personal Muchas veces tus servicios pueden presentar inconvenientes. Nuestra misi\u00f3n es asegurarnos que tengas la respuesta mas r\u00e1pida a todos tus problemas. Centro de Soporte Ingresa a nuestro sistema de Tickets en Linea y d\u00e9janos tu problema. Ademas, podr\u00e1s ver en vivo el avance de tu [&hellip;]\" \/>\n<meta property=\"og:url\" content=\"https:\/\/www.iconex.cl\/index.php\/soporte\/\" \/>\n<meta property=\"og:site_name\" content=\"ICONEX - Conectividad a Tu Alcance\" \/>\n<meta property=\"article:publisher\" content=\"https:\/\/www.facebook.com\/IconexSpA\" \/>\n<meta property=\"article:modified_time\" content=\"2023-02-14T15:52:13+00:00\" \/>\n<meta name=\"twitter:card\" content=\"summary_large_image\" \/>\n<meta name=\"twitter:site\" content=\"@IconexSpa\" \/>\n<meta name=\"twitter:label1\" content=\"Tiempo de lectura\" \/>\n\t<meta name=\"twitter:data1\" content=\"1 minuto\" \/>\n<script type=\"application\/ld+json\" class=\"yoast-schema-graph\">{\"@context\":\"https:\\\/\\\/schema.org\",\"@graph\":[{\"@type\":\"WebPage\",\"@id\":\"https:\\\/\\\/www.iconex.cl\\\/index.php\\\/soporte\\\/\",\"url\":\"https:\\\/\\\/www.iconex.cl\\\/index.php\\\/soporte\\\/\",\"name\":\"Soporte - ICONEX - Conectividad a Tu Alcance\",\"isPartOf\":{\"@id\":\"https:\\\/\\\/www.iconex.cl\\\/#website\"},\"datePublished\":\"2023-02-06T15:11:37+00:00\",\"dateModified\":\"2023-02-14T15:52:13+00:00\",\"breadcrumb\":{\"@id\":\"https:\\\/\\\/www.iconex.cl\\\/index.php\\\/soporte\\\/#breadcrumb\"},\"inLanguage\":\"es\",\"potentialAction\":[{\"@type\":\"ReadAction\",\"target\":[\"https:\\\/\\\/www.iconex.cl\\\/index.php\\\/soporte\\\/\"]}]},{\"@type\":\"BreadcrumbList\",\"@id\":\"https:\\\/\\\/www.iconex.cl\\\/index.php\\\/soporte\\\/#breadcrumb\",\"itemListElement\":[{\"@type\":\"ListItem\",\"position\":1,\"name\":\"Portada\",\"item\":\"https:\\\/\\\/www.iconex.cl\\\/\"},{\"@type\":\"ListItem\",\"position\":2,\"name\":\"Soporte\"}]},{\"@type\":\"WebSite\",\"@id\":\"https:\\\/\\\/www.iconex.cl\\\/#website\",\"url\":\"https:\\\/\\\/www.iconex.cl\\\/\",\"name\":\"ICONEX - Conectividad a Tu Alcance\",\"description\":\"Internet de Alta Velocidad\",\"publisher\":{\"@id\":\"https:\\\/\\\/www.iconex.cl\\\/#organization\"},\"potentialAction\":[{\"@type\":\"SearchAction\",\"target\":{\"@type\":\"EntryPoint\",\"urlTemplate\":\"https:\\\/\\\/www.iconex.cl\\\/?s={search_term_string}\"},\"query-input\":{\"@type\":\"PropertyValueSpecification\",\"valueRequired\":true,\"valueName\":\"search_term_string\"}}],\"inLanguage\":\"es\"},{\"@type\":\"Organization\",\"@id\":\"https:\\\/\\\/www.iconex.cl\\\/#organization\",\"name\":\"ICONEX SpA\",\"url\":\"https:\\\/\\\/www.iconex.cl\\\/\",\"logo\":{\"@type\":\"ImageObject\",\"inLanguage\":\"es\",\"@id\":\"https:\\\/\\\/www.iconex.cl\\\/#\\\/schema\\\/logo\\\/image\\\/\",\"url\":\"https:\\\/\\\/www.iconex.cl\\\/wp-content\\\/uploads\\\/2023\\\/11\\\/cropped-1.png\",\"contentUrl\":\"https:\\\/\\\/www.iconex.cl\\\/wp-content\\\/uploads\\\/2023\\\/11\\\/cropped-1.png\",\"width\":1920,\"height\":449,\"caption\":\"ICONEX SpA\"},\"image\":{\"@id\":\"https:\\\/\\\/www.iconex.cl\\\/#\\\/schema\\\/logo\\\/image\\\/\"},\"sameAs\":[\"https:\\\/\\\/www.facebook.com\\\/IconexSpA\",\"https:\\\/\\\/x.com\\\/IconexSpa\",\"https:\\\/\\\/www.instagram.com\\\/iconexspa\\\/\"]}]}<\/script>\n<!-- \/ Yoast SEO plugin. -->","yoast_head_json":{"title":"Soporte - ICONEX - Conectividad a Tu Alcance","robots":{"index":"index","follow":"follow","max-snippet":"max-snippet:-1","max-image-preview":"max-image-preview:large","max-video-preview":"max-video-preview:-1"},"canonical":"https:\/\/www.iconex.cl\/index.php\/soporte\/","og_locale":"es_ES","og_type":"article","og_title":"Soporte - ICONEX - Conectividad a Tu Alcance","og_description":"Soporte \u00bfProblemas con tus servicios? Toma Contacto con nuestro Personal Muchas veces tus servicios pueden presentar inconvenientes. Nuestra misi\u00f3n es asegurarnos que tengas la respuesta mas r\u00e1pida a todos tus problemas. Centro de Soporte Ingresa a nuestro sistema de Tickets en Linea y d\u00e9janos tu problema. Ademas, podr\u00e1s ver en vivo el avance de tu [&hellip;]","og_url":"https:\/\/www.iconex.cl\/index.php\/soporte\/","og_site_name":"ICONEX - Conectividad a Tu Alcance","article_publisher":"https:\/\/www.facebook.com\/IconexSpA","article_modified_time":"2023-02-14T15:52:13+00:00","twitter_card":"summary_large_image","twitter_site":"@IconexSpa","twitter_misc":{"Tiempo de lectura":"1 minuto"},"schema":{"@context":"https:\/\/schema.org","@graph":[{"@type":"WebPage","@id":"https:\/\/www.iconex.cl\/index.php\/soporte\/","url":"https:\/\/www.iconex.cl\/index.php\/soporte\/","name":"Soporte - ICONEX - Conectividad a Tu Alcance","isPartOf":{"@id":"https:\/\/www.iconex.cl\/#website"},"datePublished":"2023-02-06T15:11:37+00:00","dateModified":"2023-02-14T15:52:13+00:00","breadcrumb":{"@id":"https:\/\/www.iconex.cl\/index.php\/soporte\/#breadcrumb"},"inLanguage":"es","potentialAction":[{"@type":"ReadAction","target":["https:\/\/www.iconex.cl\/index.php\/soporte\/"]}]},{"@type":"BreadcrumbList","@id":"https:\/\/www.iconex.cl\/index.php\/soporte\/#breadcrumb","itemListElement":[{"@type":"ListItem","position":1,"name":"Portada","item":"https:\/\/www.iconex.cl\/"},{"@type":"ListItem","position":2,"name":"Soporte"}]},{"@type":"WebSite","@id":"https:\/\/www.iconex.cl\/#website","url":"https:\/\/www.iconex.cl\/","name":"ICONEX - Conectividad a Tu Alcance","description":"Internet de Alta Velocidad","publisher":{"@id":"https:\/\/www.iconex.cl\/#organization"},"potentialAction":[{"@type":"SearchAction","target":{"@type":"EntryPoint","urlTemplate":"https:\/\/www.iconex.cl\/?s={search_term_string}"},"query-input":{"@type":"PropertyValueSpecification","valueRequired":true,"valueName":"search_term_string"}}],"inLanguage":"es"},{"@type":"Organization","@id":"https:\/\/www.iconex.cl\/#organization","name":"ICONEX SpA","url":"https:\/\/www.iconex.cl\/","logo":{"@type":"ImageObject","inLanguage":"es","@id":"https:\/\/www.iconex.cl\/#\/schema\/logo\/image\/","url":"https:\/\/www.iconex.cl\/wp-content\/uploads\/2023\/11\/cropped-1.png","contentUrl":"https:\/\/www.iconex.cl\/wp-content\/uploads\/2023\/11\/cropped-1.png","width":1920,"height":449,"caption":"ICONEX SpA"},"image":{"@id":"https:\/\/www.iconex.cl\/#\/schema\/logo\/image\/"},"sameAs":["https:\/\/www.facebook.com\/IconexSpA","https:\/\/x.com\/IconexSpa","https:\/\/www.instagram.com\/iconexspa\/"]}]}},"_links":{"self":[{"href":"https:\/\/www.iconex.cl\/index.php\/wp-json\/wp\/v2\/pages\/1365","targetHints":{"allow":["GET"]}}],"collection":[{"href":"https:\/\/www.iconex.cl\/index.php\/wp-json\/wp\/v2\/pages"}],"about":[{"href":"https:\/\/www.iconex.cl\/index.php\/wp-json\/wp\/v2\/types\/page"}],"author":[{"embeddable":true,"href":"https:\/\/www.iconex.cl\/index.php\/wp-json\/wp\/v2\/users\/4"}],"replies":[{"embeddable":true,"href":"https:\/\/www.iconex.cl\/index.php\/wp-json\/wp\/v2\/comments?post=1365"}],"version-history":[{"count":34,"href":"https:\/\/www.iconex.cl\/index.php\/wp-json\/wp\/v2\/pages\/1365\/revisions"}],"predecessor-version":[{"id":1833,"href":"https:\/\/www.iconex.cl\/index.php\/wp-json\/wp\/v2\/pages\/1365\/revisions\/1833"}],"wp:attachment":[{"href":"https:\/\/www.iconex.cl\/index.php\/wp-json\/wp\/v2\/media?parent=1365"}],"curies":[{"name":"wp","href":"https:\/\/api.w.org\/{rel}","templated":true}]}}