{"id":1636,"date":"2023-02-08T22:59:37","date_gmt":"2023-02-09T02:59:37","guid":{"rendered":"https:\/\/new.iconex.cl\/?page_id=1636"},"modified":"2024-07-02T15:34:00","modified_gmt":"2024-07-02T19:34:00","slug":"ley-de-ductos","status":"publish","type":"page","link":"https:\/\/www.iconex.cl\/index.php\/ley-de-ductos\/","title":{"rendered":"Ley de Ductos"},"content":{"rendered":"\t\t<div data-elementor-type=\"wp-page\" data-elementor-id=\"1636\" class=\"elementor elementor-1636\">\n\t\t\t\t\t\t<section class=\"elementor-section elementor-top-section elementor-element elementor-element-3a2000a elementor-section-boxed elementor-section-height-default elementor-section-height-default\" data-id=\"3a2000a\" data-element_type=\"section\" data-e-type=\"section\" data-settings=\"{&quot;background_background&quot;:&quot;slideshow&quot;,&quot;background_slideshow_gallery&quot;:[{&quot;id&quot;:1814,&quot;url&quot;:&quot;https:\\\/\\\/www.iconex.cl\\\/wp-content\\\/uploads\\\/2023\\\/02\\\/8-2.jpg&quot;},{&quot;id&quot;:1815,&quot;url&quot;:&quot;https:\\\/\\\/www.iconex.cl\\\/wp-content\\\/uploads\\\/2023\\\/02\\\/9-1.jpg&quot;}],&quot;background_slideshow_slide_duration&quot;:3000,&quot;background_slideshow_ken_burns&quot;:&quot;yes&quot;,&quot;background_slideshow_loop&quot;:&quot;yes&quot;,&quot;background_slideshow_slide_transition&quot;:&quot;fade&quot;,&quot;background_slideshow_transition_duration&quot;:500,&quot;background_slideshow_ken_burns_zoom_direction&quot;:&quot;in&quot;}\">\n\t\t\t\t\t\t\t<div class=\"elementor-background-overlay\"><\/div>\n\t\t\t\t\t\t\t<div class=\"elementor-container elementor-column-gap-no\">\n\t\t\t\t\t<div class=\"elementor-column elementor-col-100 elementor-top-column elementor-element elementor-element-cc2734a\" data-id=\"cc2734a\" data-element_type=\"column\" data-e-type=\"column\">\n\t\t\t<div class=\"elementor-widget-wrap elementor-element-populated\">\n\t\t\t\t\t\t<div class=\"elementor-element elementor-element-8cb3cef elementor-widget elementor-widget-heading\" data-id=\"8cb3cef\" data-element_type=\"widget\" data-e-type=\"widget\" data-widget_type=\"heading.default\">\n\t\t\t\t<div class=\"elementor-widget-container\">\n\t\t\t\t\t<h1 class=\"elementor-heading-title elementor-size-default\">Ley de Ductos<\/h1>\t\t\t\t<\/div>\n\t\t\t\t<\/div>\n\t\t\t\t\t<\/div>\n\t\t<\/div>\n\t\t\t\t\t<\/div>\n\t\t<\/section>\n\t\t\t\t<section class=\"elementor-section elementor-top-section elementor-element elementor-element-9ca55ae elementor-section-boxed elementor-section-height-default elementor-section-height-default\" data-id=\"9ca55ae\" data-element_type=\"section\" data-e-type=\"section\" data-settings=\"{&quot;background_background&quot;:&quot;classic&quot;}\">\n\t\t\t\t\t\t<div class=\"elementor-container elementor-column-gap-no\">\n\t\t\t\t\t<div class=\"elementor-column elementor-col-50 elementor-top-column elementor-element elementor-element-285d1fe\" data-id=\"285d1fe\" data-element_type=\"column\" data-e-type=\"column\">\n\t\t\t<div class=\"elementor-widget-wrap elementor-element-populated\">\n\t\t\t\t\t\t<div class=\"elementor-element elementor-element-da4a5b5 elementor-widget elementor-widget-heading\" data-id=\"da4a5b5\" data-element_type=\"widget\" data-e-type=\"widget\" data-widget_type=\"heading.default\">\n\t\t\t\t<div class=\"elementor-widget-container\">\n\t\t\t\t\t<h3 class=\"elementor-heading-title elementor-size-default\">Somos expertos en Ley de Ductos 20.808<\/h3>\t\t\t\t<\/div>\n\t\t\t\t<\/div>\n\t\t\t\t<div class=\"elementor-element elementor-element-6108ee1 elementor-widget elementor-widget-heading\" data-id=\"6108ee1\" data-element_type=\"widget\" data-e-type=\"widget\" data-widget_type=\"heading.default\">\n\t\t\t\t<div class=\"elementor-widget-container\">\n\t\t\t\t\t<h2 class=\"elementor-heading-title elementor-size-default\">Ley de Ductos<\/h2>\t\t\t\t<\/div>\n\t\t\t\t<\/div>\n\t\t\t\t<div class=\"elementor-element elementor-element-01711c4 elementor-widget elementor-widget-button\" data-id=\"01711c4\" data-element_type=\"widget\" data-e-type=\"widget\" data-widget_type=\"button.default\">\n\t\t\t\t<div class=\"elementor-widget-container\">\n\t\t\t\t\t\t\t\t\t<div class=\"elementor-button-wrapper\">\n\t\t\t\t\t<a class=\"elementor-button elementor-button-link elementor-size-sm\" href=\"https:\/\/www.iconex.cl\/index.php\/contacto-2\/\">\n\t\t\t\t\t\t<span class=\"elementor-button-content-wrapper\">\n\t\t\t\t\t\t<span class=\"elementor-button-icon\">\n\t\t\t\t<i aria-hidden=\"true\" class=\"fas fa-angle-double-right\"><\/i>\t\t\t<\/span>\n\t\t\t\t\t\t\t\t\t<span class=\"elementor-button-text\">Contratar<\/span>\n\t\t\t\t\t<\/span>\n\t\t\t\t\t<\/a>\n\t\t\t\t<\/div>\n\t\t\t\t\t\t\t\t<\/div>\n\t\t\t\t<\/div>\n\t\t\t\t\t<\/div>\n\t\t<\/div>\n\t\t\t\t<div class=\"elementor-column elementor-col-50 elementor-top-column elementor-element elementor-element-877ddd1\" data-id=\"877ddd1\" data-element_type=\"column\" data-e-type=\"column\">\n\t\t\t<div class=\"elementor-widget-wrap elementor-element-populated\">\n\t\t\t\t\t\t<div class=\"elementor-element elementor-element-3644958 elementor-widget elementor-widget-image\" data-id=\"3644958\" data-element_type=\"widget\" data-e-type=\"widget\" data-widget_type=\"image.default\">\n\t\t\t\t<div class=\"elementor-widget-container\">\n\t\t\t\t\t\t\t\t\t\t\t\t\t\t\t<img fetchpriority=\"high\" decoding=\"async\" width=\"1024\" height=\"526\" src=\"https:\/\/www.iconex.cl\/wp-content\/uploads\/2023\/02\/fibra-optica-conectividad-para-Ley-de-Ductos-e1676254090744-1024x526.jpg\" class=\"attachment-large size-large wp-image-1741\" alt=\"\" srcset=\"https:\/\/www.iconex.cl\/wp-content\/uploads\/2023\/02\/fibra-optica-conectividad-para-Ley-de-Ductos-e1676254090744-1024x526.jpg 1024w, https:\/\/www.iconex.cl\/wp-content\/uploads\/2023\/02\/fibra-optica-conectividad-para-Ley-de-Ductos-e1676254090744-300x154.jpg 300w, https:\/\/www.iconex.cl\/wp-content\/uploads\/2023\/02\/fibra-optica-conectividad-para-Ley-de-Ductos-e1676254090744-768x394.jpg 768w, https:\/\/www.iconex.cl\/wp-content\/uploads\/2023\/02\/fibra-optica-conectividad-para-Ley-de-Ductos-e1676254090744.jpg 1244w\" sizes=\"(max-width: 1024px) 100vw, 1024px\" \/>\t\t\t\t\t\t\t\t\t\t\t\t\t\t\t<\/div>\n\t\t\t\t<\/div>\n\t\t\t\t\t<\/div>\n\t\t<\/div>\n\t\t\t\t\t<\/div>\n\t\t<\/section>\n\t\t\t\t<section class=\"elementor-section elementor-top-section elementor-element elementor-element-1a14c8d elementor-section-boxed elementor-section-height-default elementor-section-height-default\" data-id=\"1a14c8d\" data-element_type=\"section\" data-e-type=\"section\">\n\t\t\t\t\t\t<div class=\"elementor-container elementor-column-gap-default\">\n\t\t\t\t\t<div class=\"elementor-column elementor-col-50 elementor-top-column elementor-element elementor-element-160f987\" data-id=\"160f987\" data-element_type=\"column\" data-e-type=\"column\">\n\t\t\t<div class=\"elementor-widget-wrap elementor-element-populated\">\n\t\t\t\t\t\t<div class=\"elementor-element elementor-element-460557a elementor-widget elementor-widget-image\" data-id=\"460557a\" data-element_type=\"widget\" data-e-type=\"widget\" data-widget_type=\"image.default\">\n\t\t\t\t<div class=\"elementor-widget-container\">\n\t\t\t\t\t\t\t\t\t\t\t\t\t\t\t<img decoding=\"async\" width=\"600\" height=\"608\" src=\"https:\/\/www.iconex.cl\/wp-content\/uploads\/2023\/02\/poliductos.jpg\" class=\"attachment-large size-large wp-image-1724\" alt=\"\" srcset=\"https:\/\/www.iconex.cl\/wp-content\/uploads\/2023\/02\/poliductos.jpg 600w, https:\/\/www.iconex.cl\/wp-content\/uploads\/2023\/02\/poliductos-296x300.jpg 296w\" sizes=\"(max-width: 600px) 100vw, 600px\" \/>\t\t\t\t\t\t\t\t\t\t\t\t\t\t\t<\/div>\n\t\t\t\t<\/div>\n\t\t\t\t<div class=\"elementor-element elementor-element-0ebaccc elementor-widget elementor-widget-text-editor\" data-id=\"0ebaccc\" data-element_type=\"widget\" data-e-type=\"widget\" data-widget_type=\"text-editor.default\">\n\t\t\t\t<div class=\"elementor-widget-container\">\n\t\t\t\t\t\t\t\t\t<p style=\"text-align: center;\">Dise\u00f1o y dimensionamiento del proyecto de telecomunicaciones. Elaboramos el Registro del Proyecto Inmobiliario (RPI), la planimetr\u00eda y las especificaciones<\/p>\t\t\t\t\t\t\t\t<\/div>\n\t\t\t\t<\/div>\n\t\t\t\t\t<\/div>\n\t\t<\/div>\n\t\t\t\t<div class=\"elementor-column elementor-col-50 elementor-top-column elementor-element elementor-element-afd3f61\" data-id=\"afd3f61\" data-element_type=\"column\" data-e-type=\"column\">\n\t\t\t<div class=\"elementor-widget-wrap elementor-element-populated\">\n\t\t\t\t\t\t<div class=\"elementor-element elementor-element-b742247 elementor-widget elementor-widget-image\" data-id=\"b742247\" data-element_type=\"widget\" data-e-type=\"widget\" data-widget_type=\"image.default\">\n\t\t\t\t<div class=\"elementor-widget-container\">\n\t\t\t\t\t\t\t\t\t\t\t\t\t\t\t<img decoding=\"async\" src=\"https:\/\/www.iconex.cl\/wp-content\/uploads\/elementor\/thumbs\/IMG_2409-q1zf6owd91vengffg5eiwnma6k1hqv5l4tbqqsu800.jpeg\" title=\"IMG_2409\" alt=\"IMG_2409\" loading=\"lazy\" \/>\t\t\t\t\t\t\t\t\t\t\t\t\t\t\t<\/div>\n\t\t\t\t<\/div>\n\t\t\t\t<div class=\"elementor-element elementor-element-cf6d0f4 elementor-widget elementor-widget-text-editor\" data-id=\"cf6d0f4\" data-element_type=\"widget\" data-e-type=\"widget\" data-widget_type=\"text-editor.default\">\n\t\t\t\t<div class=\"elementor-widget-container\">\n\t\t\t\t\t\t\t\t\t<p style=\"text-align: center;\">Amplia experiencia en ejecuci\u00f3n y montaje de redes. Implementamos la Red Interna de Telecomunicaciones (RIT) siguiendo la normativa t\u00e9cnica correspondiente.<\/p>\t\t\t\t\t\t\t\t<\/div>\n\t\t\t\t<\/div>\n\t\t\t\t\t<\/div>\n\t\t<\/div>\n\t\t\t\t\t<\/div>\n\t\t<\/section>\n\t\t\t\t<section class=\"elementor-section elementor-top-section elementor-element elementor-element-0a4a34b elementor-section-boxed elementor-section-height-default elementor-section-height-default\" data-id=\"0a4a34b\" data-element_type=\"section\" data-e-type=\"section\">\n\t\t\t\t\t\t<div class=\"elementor-container elementor-column-gap-default\">\n\t\t\t\t\t<div class=\"elementor-column elementor-col-50 elementor-top-column elementor-element elementor-element-652ed93\" data-id=\"652ed93\" data-element_type=\"column\" data-e-type=\"column\">\n\t\t\t<div class=\"elementor-widget-wrap elementor-element-populated\">\n\t\t\t\t\t\t<div class=\"elementor-element elementor-element-2697919 elementor-widget elementor-widget-image\" data-id=\"2697919\" data-element_type=\"widget\" data-e-type=\"widget\" data-widget_type=\"image.default\">\n\t\t\t\t<div class=\"elementor-widget-container\">\n\t\t\t\t\t\t\t\t\t\t\t\t\t\t\t<img decoding=\"async\" src=\"https:\/\/www.iconex.cl\/wp-content\/uploads\/elementor\/thumbs\/00B97920-2B3E-4C3D-9CB5-AAEA41CDEBD8-scaled-q1zfbofjiep68z6nbt09mwbbn5gll1ybhhxheng0zk.jpg\" title=\"00B97920-2B3E-4C3D-9CB5-AAEA41CDEBD8\" alt=\"00B97920-2B3E-4C3D-9CB5-AAEA41CDEBD8\" loading=\"lazy\" \/>\t\t\t\t\t\t\t\t\t\t\t\t\t\t\t<\/div>\n\t\t\t\t<\/div>\n\t\t\t\t<div class=\"elementor-element elementor-element-c2ebef0 elementor-widget elementor-widget-text-editor\" data-id=\"c2ebef0\" data-element_type=\"widget\" data-e-type=\"widget\" data-widget_type=\"text-editor.default\">\n\t\t\t\t<div class=\"elementor-widget-container\">\n\t\t\t\t\t\t\t\t\t<p style=\"text-align: center;\">Certificaci\u00f3n de la Red Interna de Telecomunicaciones y elaboraci\u00f3n del Informe Favorable. Mantenciones peri\u00f3dicas de la infraestructura<\/p>\t\t\t\t\t\t\t\t<\/div>\n\t\t\t\t<\/div>\n\t\t\t\t\t<\/div>\n\t\t<\/div>\n\t\t\t\t<div class=\"elementor-column elementor-col-50 elementor-top-column elementor-element elementor-element-74f264e\" data-id=\"74f264e\" data-element_type=\"column\" data-e-type=\"column\">\n\t\t\t<div class=\"elementor-widget-wrap elementor-element-populated\">\n\t\t\t\t\t\t<div class=\"elementor-element elementor-element-6f1fa02 elementor-widget elementor-widget-image\" data-id=\"6f1fa02\" data-element_type=\"widget\" data-e-type=\"widget\" data-widget_type=\"image.default\">\n\t\t\t\t<div class=\"elementor-widget-container\">\n\t\t\t\t\t\t\t\t\t\t\t\t\t\t\t<img decoding=\"async\" width=\"1024\" height=\"1024\" src=\"https:\/\/www.iconex.cl\/wp-content\/uploads\/2024\/07\/Diseno-sin-titulo.png\" class=\"attachment-large size-large wp-image-2354\" alt=\"\" srcset=\"https:\/\/www.iconex.cl\/wp-content\/uploads\/2024\/07\/Diseno-sin-titulo.png 1024w, https:\/\/www.iconex.cl\/wp-content\/uploads\/2024\/07\/Diseno-sin-titulo-300x300.png 300w, https:\/\/www.iconex.cl\/wp-content\/uploads\/2024\/07\/Diseno-sin-titulo-150x150.png 150w, https:\/\/www.iconex.cl\/wp-content\/uploads\/2024\/07\/Diseno-sin-titulo-768x768.png 768w\" sizes=\"(max-width: 1024px) 100vw, 1024px\" \/>\t\t\t\t\t\t\t\t\t\t\t\t\t\t\t<\/div>\n\t\t\t\t<\/div>\n\t\t\t\t<div class=\"elementor-element elementor-element-f71ab1d elementor-widget elementor-widget-text-editor\" data-id=\"f71ab1d\" data-element_type=\"widget\" data-e-type=\"widget\" data-widget_type=\"text-editor.default\">\n\t\t\t\t<div class=\"elementor-widget-container\">\n\t\t\t\t\t\t\t\t\t<p style=\"text-align: center;\">Disfruta de la mejor calidad y el mejor servicio t\u00e9cnico que solo una empresa seria te puede otorgar.<\/p>\t\t\t\t\t\t\t\t<\/div>\n\t\t\t\t<\/div>\n\t\t\t\t\t<\/div>\n\t\t<\/div>\n\t\t\t\t\t<\/div>\n\t\t<\/section>\n\t\t\t\t<\/div>\n\t\t","protected":false},"excerpt":{"rendered":"<p>Ley de Ductos Somos expertos en Ley de Ductos 20.808 Ley de Ductos Contratar Dise\u00f1o y dimensionamiento del proyecto de telecomunicaciones. Elaboramos el Registro del Proyecto Inmobiliario (RPI), la planimetr\u00eda y las especificaciones Amplia experiencia en ejecuci\u00f3n y montaje de redes. Implementamos la Red Interna de Telecomunicaciones (RIT) siguiendo la normativa t\u00e9cnica correspondiente. Certificaci\u00f3n de [&hellip;]<\/p>\n","protected":false},"author":4,"featured_media":0,"parent":0,"menu_order":0,"comment_status":"closed","ping_status":"closed","template":"","meta":{"site-sidebar-layout":"no-sidebar","site-content-layout":"page-builder","ast-site-content-layout":"default","site-content-style":"default","site-sidebar-style":"default","ast-global-header-display":"","ast-banner-title-visibility":"","ast-main-header-display":"","ast-hfb-above-header-display":"","ast-hfb-below-header-display":"","ast-hfb-mobile-header-display":"","site-post-title":"disabled","ast-breadcrumbs-content":"disabled","ast-featured-img":"disabled","footer-sml-layout":"","ast-disable-related-posts":"","theme-transparent-header-meta":"disabled","adv-header-id-meta":"","stick-header-meta":"default","header-above-stick-meta":"","header-main-stick-meta":"","header-below-stick-meta":"","astra-migrate-meta-layouts":"default","ast-page-background-enabled":"default","ast-page-background-meta":{"desktop":{"background-color":"var(--ast-global-color-4)","background-image":"","background-repeat":"repeat","background-position":"center center","background-size":"auto","background-attachment":"scroll","background-type":"","background-media":"","overlay-type":"","overlay-color":"","overlay-opacity":"","overlay-gradient":""},"tablet":{"background-color":"","background-image":"","background-repeat":"repeat","background-position":"center center","background-size":"auto","background-attachment":"scroll","background-type":"","background-media":"","overlay-type":"","overlay-color":"","overlay-opacity":"","overlay-gradient":""},"mobile":{"background-color":"","background-image":"","background-repeat":"repeat","background-position":"center center","background-size":"auto","background-attachment":"scroll","background-type":"","background-media":"","overlay-type":"","overlay-color":"","overlay-opacity":"","overlay-gradient":""}},"ast-content-background-meta":{"desktop":{"background-color":"var(--ast-global-color-5)","background-image":"","background-repeat":"repeat","background-position":"center center","background-size":"auto","background-attachment":"scroll","background-type":"","background-media":"","overlay-type":"","overlay-color":"","overlay-opacity":"","overlay-gradient":""},"tablet":{"background-color":"var(--ast-global-color-5)","background-image":"","background-repeat":"repeat","background-position":"center center","background-size":"auto","background-attachment":"scroll","background-type":"","background-media":"","overlay-type":"","overlay-color":"","overlay-opacity":"","overlay-gradient":""},"mobile":{"background-color":"var(--ast-global-color-5)","background-image":"","background-repeat":"repeat","background-position":"center center","background-size":"auto","background-attachment":"scroll","background-type":"","background-media":"","overlay-type":"","overlay-color":"","overlay-opacity":"","overlay-gradient":""}},"footnotes":""},"class_list":["post-1636","page","type-page","status-publish","hentry"],"yoast_head":"<!-- This site is optimized with the Yoast SEO plugin v27.5 - https:\/\/yoast.com\/product\/yoast-seo-wordpress\/ -->\n<title>Ley de Ductos - ICONEX - Conectividad a Tu Alcance<\/title>\n<meta name=\"robots\" content=\"index, follow, max-snippet:-1, max-image-preview:large, max-video-preview:-1\" \/>\n<link rel=\"canonical\" href=\"https:\/\/www.iconex.cl\/index.php\/ley-de-ductos\/\" \/>\n<meta property=\"og:locale\" content=\"es_ES\" \/>\n<meta property=\"og:type\" content=\"article\" \/>\n<meta property=\"og:title\" content=\"Ley de Ductos - ICONEX - Conectividad a Tu Alcance\" \/>\n<meta property=\"og:description\" content=\"Ley de Ductos Somos expertos en Ley de Ductos 20.808 Ley de Ductos Contratar Dise\u00f1o y dimensionamiento del proyecto de telecomunicaciones. Elaboramos el Registro del Proyecto Inmobiliario (RPI), la planimetr\u00eda y las especificaciones Amplia experiencia en ejecuci\u00f3n y montaje de redes. Implementamos la Red Interna de Telecomunicaciones (RIT) siguiendo la normativa t\u00e9cnica correspondiente. Certificaci\u00f3n de [&hellip;]\" \/>\n<meta property=\"og:url\" content=\"https:\/\/www.iconex.cl\/index.php\/ley-de-ductos\/\" \/>\n<meta property=\"og:site_name\" content=\"ICONEX - Conectividad a Tu Alcance\" \/>\n<meta property=\"article:publisher\" content=\"https:\/\/www.facebook.com\/IconexSpA\" \/>\n<meta property=\"article:modified_time\" content=\"2024-07-02T19:34:00+00:00\" \/>\n<meta property=\"og:image\" content=\"https:\/\/www.iconex.cl\/wp-content\/uploads\/2023\/02\/fibra-optica-conectividad-para-Ley-de-Ductos-e1676254090744-1024x526.jpg\" \/>\n<meta name=\"twitter:card\" content=\"summary_large_image\" \/>\n<meta name=\"twitter:site\" content=\"@IconexSpa\" \/>\n<meta name=\"twitter:label1\" content=\"Tiempo de lectura\" \/>\n\t<meta name=\"twitter:data1\" content=\"2 minutos\" \/>\n<script type=\"application\/ld+json\" class=\"yoast-schema-graph\">{\"@context\":\"https:\\\/\\\/schema.org\",\"@graph\":[{\"@type\":\"WebPage\",\"@id\":\"https:\\\/\\\/www.iconex.cl\\\/index.php\\\/ley-de-ductos\\\/\",\"url\":\"https:\\\/\\\/www.iconex.cl\\\/index.php\\\/ley-de-ductos\\\/\",\"name\":\"Ley de Ductos - ICONEX - Conectividad a Tu Alcance\",\"isPartOf\":{\"@id\":\"https:\\\/\\\/www.iconex.cl\\\/#website\"},\"primaryImageOfPage\":{\"@id\":\"https:\\\/\\\/www.iconex.cl\\\/index.php\\\/ley-de-ductos\\\/#primaryimage\"},\"image\":{\"@id\":\"https:\\\/\\\/www.iconex.cl\\\/index.php\\\/ley-de-ductos\\\/#primaryimage\"},\"thumbnailUrl\":\"https:\\\/\\\/www.iconex.cl\\\/wp-content\\\/uploads\\\/2023\\\/02\\\/fibra-optica-conectividad-para-Ley-de-Ductos-e1676254090744-1024x526.jpg\",\"datePublished\":\"2023-02-09T02:59:37+00:00\",\"dateModified\":\"2024-07-02T19:34:00+00:00\",\"breadcrumb\":{\"@id\":\"https:\\\/\\\/www.iconex.cl\\\/index.php\\\/ley-de-ductos\\\/#breadcrumb\"},\"inLanguage\":\"es\",\"potentialAction\":[{\"@type\":\"ReadAction\",\"target\":[\"https:\\\/\\\/www.iconex.cl\\\/index.php\\\/ley-de-ductos\\\/\"]}]},{\"@type\":\"ImageObject\",\"inLanguage\":\"es\",\"@id\":\"https:\\\/\\\/www.iconex.cl\\\/index.php\\\/ley-de-ductos\\\/#primaryimage\",\"url\":\"https:\\\/\\\/www.iconex.cl\\\/wp-content\\\/uploads\\\/2023\\\/02\\\/fibra-optica-conectividad-para-Ley-de-Ductos-e1676254090744.jpg\",\"contentUrl\":\"https:\\\/\\\/www.iconex.cl\\\/wp-content\\\/uploads\\\/2023\\\/02\\\/fibra-optica-conectividad-para-Ley-de-Ductos-e1676254090744.jpg\",\"width\":1244,\"height\":639},{\"@type\":\"BreadcrumbList\",\"@id\":\"https:\\\/\\\/www.iconex.cl\\\/index.php\\\/ley-de-ductos\\\/#breadcrumb\",\"itemListElement\":[{\"@type\":\"ListItem\",\"position\":1,\"name\":\"Portada\",\"item\":\"https:\\\/\\\/www.iconex.cl\\\/\"},{\"@type\":\"ListItem\",\"position\":2,\"name\":\"Ley de Ductos\"}]},{\"@type\":\"WebSite\",\"@id\":\"https:\\\/\\\/www.iconex.cl\\\/#website\",\"url\":\"https:\\\/\\\/www.iconex.cl\\\/\",\"name\":\"ICONEX - Conectividad a Tu Alcance\",\"description\":\"Internet de Alta Velocidad\",\"publisher\":{\"@id\":\"https:\\\/\\\/www.iconex.cl\\\/#organization\"},\"potentialAction\":[{\"@type\":\"SearchAction\",\"target\":{\"@type\":\"EntryPoint\",\"urlTemplate\":\"https:\\\/\\\/www.iconex.cl\\\/?s={search_term_string}\"},\"query-input\":{\"@type\":\"PropertyValueSpecification\",\"valueRequired\":true,\"valueName\":\"search_term_string\"}}],\"inLanguage\":\"es\"},{\"@type\":\"Organization\",\"@id\":\"https:\\\/\\\/www.iconex.cl\\\/#organization\",\"name\":\"ICONEX SpA\",\"url\":\"https:\\\/\\\/www.iconex.cl\\\/\",\"logo\":{\"@type\":\"ImageObject\",\"inLanguage\":\"es\",\"@id\":\"https:\\\/\\\/www.iconex.cl\\\/#\\\/schema\\\/logo\\\/image\\\/\",\"url\":\"https:\\\/\\\/www.iconex.cl\\\/wp-content\\\/uploads\\\/2023\\\/11\\\/cropped-1.png\",\"contentUrl\":\"https:\\\/\\\/www.iconex.cl\\\/wp-content\\\/uploads\\\/2023\\\/11\\\/cropped-1.png\",\"width\":1920,\"height\":449,\"caption\":\"ICONEX SpA\"},\"image\":{\"@id\":\"https:\\\/\\\/www.iconex.cl\\\/#\\\/schema\\\/logo\\\/image\\\/\"},\"sameAs\":[\"https:\\\/\\\/www.facebook.com\\\/IconexSpA\",\"https:\\\/\\\/x.com\\\/IconexSpa\",\"https:\\\/\\\/www.instagram.com\\\/iconexspa\\\/\"]}]}<\/script>\n<!-- \/ Yoast SEO plugin. -->","yoast_head_json":{"title":"Ley de Ductos - ICONEX - Conectividad a Tu Alcance","robots":{"index":"index","follow":"follow","max-snippet":"max-snippet:-1","max-image-preview":"max-image-preview:large","max-video-preview":"max-video-preview:-1"},"canonical":"https:\/\/www.iconex.cl\/index.php\/ley-de-ductos\/","og_locale":"es_ES","og_type":"article","og_title":"Ley de Ductos - ICONEX - Conectividad a Tu Alcance","og_description":"Ley de Ductos Somos expertos en Ley de Ductos 20.808 Ley de Ductos Contratar Dise\u00f1o y dimensionamiento del proyecto de telecomunicaciones. Elaboramos el Registro del Proyecto Inmobiliario (RPI), la planimetr\u00eda y las especificaciones Amplia experiencia en ejecuci\u00f3n y montaje de redes. Implementamos la Red Interna de Telecomunicaciones (RIT) siguiendo la normativa t\u00e9cnica correspondiente. Certificaci\u00f3n de [&hellip;]","og_url":"https:\/\/www.iconex.cl\/index.php\/ley-de-ductos\/","og_site_name":"ICONEX - Conectividad a Tu Alcance","article_publisher":"https:\/\/www.facebook.com\/IconexSpA","article_modified_time":"2024-07-02T19:34:00+00:00","og_image":[{"url":"https:\/\/www.iconex.cl\/wp-content\/uploads\/2023\/02\/fibra-optica-conectividad-para-Ley-de-Ductos-e1676254090744-1024x526.jpg","type":"","width":"","height":""}],"twitter_card":"summary_large_image","twitter_site":"@IconexSpa","twitter_misc":{"Tiempo de lectura":"2 minutos"},"schema":{"@context":"https:\/\/schema.org","@graph":[{"@type":"WebPage","@id":"https:\/\/www.iconex.cl\/index.php\/ley-de-ductos\/","url":"https:\/\/www.iconex.cl\/index.php\/ley-de-ductos\/","name":"Ley de Ductos - ICONEX - Conectividad a Tu Alcance","isPartOf":{"@id":"https:\/\/www.iconex.cl\/#website"},"primaryImageOfPage":{"@id":"https:\/\/www.iconex.cl\/index.php\/ley-de-ductos\/#primaryimage"},"image":{"@id":"https:\/\/www.iconex.cl\/index.php\/ley-de-ductos\/#primaryimage"},"thumbnailUrl":"https:\/\/www.iconex.cl\/wp-content\/uploads\/2023\/02\/fibra-optica-conectividad-para-Ley-de-Ductos-e1676254090744-1024x526.jpg","datePublished":"2023-02-09T02:59:37+00:00","dateModified":"2024-07-02T19:34:00+00:00","breadcrumb":{"@id":"https:\/\/www.iconex.cl\/index.php\/ley-de-ductos\/#breadcrumb"},"inLanguage":"es","potentialAction":[{"@type":"ReadAction","target":["https:\/\/www.iconex.cl\/index.php\/ley-de-ductos\/"]}]},{"@type":"ImageObject","inLanguage":"es","@id":"https:\/\/www.iconex.cl\/index.php\/ley-de-ductos\/#primaryimage","url":"https:\/\/www.iconex.cl\/wp-content\/uploads\/2023\/02\/fibra-optica-conectividad-para-Ley-de-Ductos-e1676254090744.jpg","contentUrl":"https:\/\/www.iconex.cl\/wp-content\/uploads\/2023\/02\/fibra-optica-conectividad-para-Ley-de-Ductos-e1676254090744.jpg","width":1244,"height":639},{"@type":"BreadcrumbList","@id":"https:\/\/www.iconex.cl\/index.php\/ley-de-ductos\/#breadcrumb","itemListElement":[{"@type":"ListItem","position":1,"name":"Portada","item":"https:\/\/www.iconex.cl\/"},{"@type":"ListItem","position":2,"name":"Ley de Ductos"}]},{"@type":"WebSite","@id":"https:\/\/www.iconex.cl\/#website","url":"https:\/\/www.iconex.cl\/","name":"ICONEX - Conectividad a Tu Alcance","description":"Internet de Alta Velocidad","publisher":{"@id":"https:\/\/www.iconex.cl\/#organization"},"potentialAction":[{"@type":"SearchAction","target":{"@type":"EntryPoint","urlTemplate":"https:\/\/www.iconex.cl\/?s={search_term_string}"},"query-input":{"@type":"PropertyValueSpecification","valueRequired":true,"valueName":"search_term_string"}}],"inLanguage":"es"},{"@type":"Organization","@id":"https:\/\/www.iconex.cl\/#organization","name":"ICONEX SpA","url":"https:\/\/www.iconex.cl\/","logo":{"@type":"ImageObject","inLanguage":"es","@id":"https:\/\/www.iconex.cl\/#\/schema\/logo\/image\/","url":"https:\/\/www.iconex.cl\/wp-content\/uploads\/2023\/11\/cropped-1.png","contentUrl":"https:\/\/www.iconex.cl\/wp-content\/uploads\/2023\/11\/cropped-1.png","width":1920,"height":449,"caption":"ICONEX SpA"},"image":{"@id":"https:\/\/www.iconex.cl\/#\/schema\/logo\/image\/"},"sameAs":["https:\/\/www.facebook.com\/IconexSpA","https:\/\/x.com\/IconexSpa","https:\/\/www.instagram.com\/iconexspa\/"]}]}},"_links":{"self":[{"href":"https:\/\/www.iconex.cl\/index.php\/wp-json\/wp\/v2\/pages\/1636","targetHints":{"allow":["GET"]}}],"collection":[{"href":"https:\/\/www.iconex.cl\/index.php\/wp-json\/wp\/v2\/pages"}],"about":[{"href":"https:\/\/www.iconex.cl\/index.php\/wp-json\/wp\/v2\/types\/page"}],"author":[{"embeddable":true,"href":"https:\/\/www.iconex.cl\/index.php\/wp-json\/wp\/v2\/users\/4"}],"replies":[{"embeddable":true,"href":"https:\/\/www.iconex.cl\/index.php\/wp-json\/wp\/v2\/comments?post=1636"}],"version-history":[{"count":28,"href":"https:\/\/www.iconex.cl\/index.php\/wp-json\/wp\/v2\/pages\/1636\/revisions"}],"predecessor-version":[{"id":2357,"href":"https:\/\/www.iconex.cl\/index.php\/wp-json\/wp\/v2\/pages\/1636\/revisions\/2357"}],"wp:attachment":[{"href":"https:\/\/www.iconex.cl\/index.php\/wp-json\/wp\/v2\/media?parent=1636"}],"curies":[{"name":"wp","href":"https:\/\/api.w.org\/{rel}","templated":true}]}}