{"id":2093,"date":"2023-05-09T15:37:14","date_gmt":"2023-05-09T19:37:14","guid":{"rendered":"https:\/\/www.iconex.cl\/?page_id=2093"},"modified":"2023-05-17T23:31:18","modified_gmt":"2023-05-18T03:31:18","slug":"soluciones-integrales-de-centralitas-telefonicas-ip-pbx-ip-fisicas-y-virtuales-para-empresas-y-call-centers","status":"publish","type":"page","link":"https:\/\/www.iconex.cl\/index.php\/soluciones-integrales-de-centralitas-telefonicas-ip-pbx-ip-fisicas-y-virtuales-para-empresas-y-call-centers\/","title":{"rendered":"Soluciones Integrales de Centralitas Telef\u00f3nicas IP: PBX IP F\u00edsicas y Virtuales para Empresas y Call Centers"},"content":{"rendered":"\t\t<div data-elementor-type=\"wp-page\" data-elementor-id=\"2093\" class=\"elementor elementor-2093\">\n\t\t\t\t\t\t<section class=\"elementor-section elementor-top-section elementor-element elementor-element-3a2000a elementor-section-boxed elementor-section-height-default elementor-section-height-default\" data-id=\"3a2000a\" data-element_type=\"section\" data-e-type=\"section\" data-settings=\"{&quot;background_background&quot;:&quot;slideshow&quot;,&quot;background_slideshow_gallery&quot;:[{&quot;id&quot;:1814,&quot;url&quot;:&quot;https:\\\/\\\/www.iconex.cl\\\/wp-content\\\/uploads\\\/2023\\\/02\\\/8-2.jpg&quot;},{&quot;id&quot;:1815,&quot;url&quot;:&quot;https:\\\/\\\/www.iconex.cl\\\/wp-content\\\/uploads\\\/2023\\\/02\\\/9-1.jpg&quot;}],&quot;background_slideshow_slide_duration&quot;:3000,&quot;background_slideshow_ken_burns&quot;:&quot;yes&quot;,&quot;background_slideshow_loop&quot;:&quot;yes&quot;,&quot;background_slideshow_slide_transition&quot;:&quot;fade&quot;,&quot;background_slideshow_transition_duration&quot;:500,&quot;background_slideshow_ken_burns_zoom_direction&quot;:&quot;in&quot;}\">\n\t\t\t\t\t\t\t<div class=\"elementor-background-overlay\"><\/div>\n\t\t\t\t\t\t\t<div class=\"elementor-container elementor-column-gap-no\">\n\t\t\t\t\t<div class=\"elementor-column elementor-col-100 elementor-top-column elementor-element elementor-element-cc2734a\" data-id=\"cc2734a\" data-element_type=\"column\" data-e-type=\"column\">\n\t\t\t<div class=\"elementor-widget-wrap elementor-element-populated\">\n\t\t\t\t\t\t<div class=\"elementor-element elementor-element-8cb3cef elementor-widget elementor-widget-heading\" data-id=\"8cb3cef\" data-element_type=\"widget\" data-e-type=\"widget\" data-widget_type=\"heading.default\">\n\t\t\t\t<div class=\"elementor-widget-container\">\n\t\t\t\t\t<h1 class=\"elementor-heading-title elementor-size-default\">Soluciones Integrales de Centralitas Telef\u00f3nicas IP: PBX IP F\u00edsicas y Virtuales para Empresas y Call Centers<\/h1>\t\t\t\t<\/div>\n\t\t\t\t<\/div>\n\t\t\t\t\t<\/div>\n\t\t<\/div>\n\t\t\t\t\t<\/div>\n\t\t<\/section>\n\t\t\t\t<section class=\"elementor-section elementor-top-section elementor-element elementor-element-a1dbd57 elementor-section-boxed elementor-section-height-default elementor-section-height-default\" data-id=\"a1dbd57\" data-element_type=\"section\" data-e-type=\"section\" data-settings=\"{&quot;background_background&quot;:&quot;classic&quot;}\">\n\t\t\t\t\t\t<div class=\"elementor-container elementor-column-gap-no\">\n\t\t\t\t\t<div class=\"elementor-column elementor-col-100 elementor-top-column elementor-element elementor-element-4aa1d28\" data-id=\"4aa1d28\" data-element_type=\"column\" data-e-type=\"column\">\n\t\t\t<div class=\"elementor-widget-wrap elementor-element-populated\">\n\t\t\t\t\t\t<section class=\"elementor-section elementor-inner-section elementor-element elementor-element-2201d4b elementor-section-boxed elementor-section-height-default elementor-section-height-default\" data-id=\"2201d4b\" data-element_type=\"section\" data-e-type=\"section\">\n\t\t\t\t\t\t<div class=\"elementor-container elementor-column-gap-default\">\n\t\t\t\t\t<div class=\"elementor-column elementor-col-100 elementor-inner-column elementor-element elementor-element-7be499d\" data-id=\"7be499d\" data-element_type=\"column\" data-e-type=\"column\">\n\t\t\t<div class=\"elementor-widget-wrap elementor-element-populated\">\n\t\t\t\t\t\t<div class=\"elementor-element elementor-element-153efb1 elementor-widget elementor-widget-heading\" data-id=\"153efb1\" data-element_type=\"widget\" data-e-type=\"widget\" data-widget_type=\"heading.default\">\n\t\t\t\t<div class=\"elementor-widget-container\">\n\t\t\t\t\t<h3 class=\"elementor-heading-title elementor-size-default\">Soluciones Integrales de Centralitas Telef\u00f3nicas IP: PBX IP F\u00edsicas y Virtuales para Empresas y Call Centers<\/h3>\t\t\t\t<\/div>\n\t\t\t\t<\/div>\n\t\t\t\t<div class=\"elementor-element elementor-element-74b6048 elementor-widget-tablet__width-initial elementor-widget elementor-widget-heading\" data-id=\"74b6048\" data-element_type=\"widget\" data-e-type=\"widget\" data-widget_type=\"heading.default\">\n\t\t\t\t<div class=\"elementor-widget-container\">\n\t\t\t\t\t<h2 class=\"elementor-heading-title elementor-size-default\">\"CONFIANZA Y EXPERIENCIA EN LAS COMUNICACIONES DE TU NEGOCIO\"<\/h2>\t\t\t\t<\/div>\n\t\t\t\t<\/div>\n\t\t\t\t\t<\/div>\n\t\t<\/div>\n\t\t\t\t\t<\/div>\n\t\t<\/section>\n\t\t\t\t<section class=\"elementor-section elementor-inner-section elementor-element elementor-element-af53dcf elementor-section-boxed elementor-section-height-default elementor-section-height-default\" data-id=\"af53dcf\" data-element_type=\"section\" data-e-type=\"section\">\n\t\t\t\t\t\t<div class=\"elementor-container elementor-column-gap-default\">\n\t\t\t\t\t<div class=\"elementor-column elementor-col-50 elementor-inner-column elementor-element elementor-element-5761d06\" data-id=\"5761d06\" data-element_type=\"column\" data-e-type=\"column\">\n\t\t\t<div class=\"elementor-widget-wrap elementor-element-populated\">\n\t\t\t\t\t\t<div class=\"elementor-element elementor-element-bc92f93 elementor-widget elementor-widget-text-editor\" data-id=\"bc92f93\" data-element_type=\"widget\" data-e-type=\"widget\" data-widget_type=\"text-editor.default\">\n\t\t\t\t<div class=\"elementor-widget-container\">\n\t\t\t\t\t\t\t\t\t<div class=\"x-container marginless-columns\"><div class=\"x-column x-sm x-1-1\"><div class=\"x-text\"><p>Como especialistas en el campo de las telecomunicaciones, en Iconex comprendemos la importancia de contar con sistemas de comunicaci\u00f3n eficientes y confiables. Nuestras soluciones integrales de centralitas telef\u00f3nicas IP (PBX IP) f\u00edsicas y virtuales est\u00e1n dise\u00f1adas para satisfacer las necesidades de empresas de diversos tama\u00f1os y centros de llamadas (Call Centers).<\/p><\/div><\/div><\/div>\t\t\t\t\t\t\t\t<\/div>\n\t\t\t\t<\/div>\n\t\t\t\t<div class=\"elementor-element elementor-element-1f2eede elementor-widget elementor-widget-text-editor\" data-id=\"1f2eede\" data-element_type=\"widget\" data-e-type=\"widget\" data-widget_type=\"text-editor.default\">\n\t\t\t\t<div class=\"elementor-widget-container\">\n\t\t\t\t\t\t\t\t\t<div class=\"x-container marginless-columns\"><div class=\"x-column x-sm x-1-1\"><div class=\"x-text\"><p>Gracias a nuestra amplia experiencia y conocimientos t\u00e9cnicos, ofrecemos sistemas de comunicaci\u00f3n basados en tecnolog\u00eda IP que garantizan una calidad de voz excepcional y un rendimiento \u00f3ptimo. Nuestras centralitas telef\u00f3nicas (PBX) f\u00edsicas y virtuales cuentan con respaldos tanto de forma f\u00edsica como en la nube, lo que permite mantener la continuidad en las comunicaciones incluso en situaciones de alta demanda.<\/p><\/div><\/div><\/div>\t\t\t\t\t\t\t\t<\/div>\n\t\t\t\t<\/div>\n\t\t\t\t<div class=\"elementor-element elementor-element-ea7cc09 elementor-widget elementor-widget-text-editor\" data-id=\"ea7cc09\" data-element_type=\"widget\" data-e-type=\"widget\" data-widget_type=\"text-editor.default\">\n\t\t\t\t<div class=\"elementor-widget-container\">\n\t\t\t\t\t\t\t\t\t<div class=\"x-container marginless-columns\"><div class=\"x-column x-sm x-1-1\"><div class=\"x-text\"><p>Adem\u00e1s, nuestros ingenieros han desarrollado soluciones libres de licenciamiento, lo que se traduce en un ahorro significativo para nuestros clientes. Estos sistemas de PBX IP superan en calidad y funcionalidad a las opciones disponibles en el mercado, proporcionando una soluci\u00f3n escalable y personalizable que se adapta al crecimiento y evoluci\u00f3n de tu negocio.<\/p><\/div><\/div><\/div>\t\t\t\t\t\t\t\t<\/div>\n\t\t\t\t<\/div>\n\t\t\t\t<div class=\"elementor-element elementor-element-4542c16 elementor-widget elementor-widget-text-editor\" data-id=\"4542c16\" data-element_type=\"widget\" data-e-type=\"widget\" data-widget_type=\"text-editor.default\">\n\t\t\t\t<div class=\"elementor-widget-container\">\n\t\t\t\t\t\t\t\t\t<div class=\"x-container marginless-columns\"><div class=\"x-column x-sm x-1-1\"><div class=\"x-text\"><p>Nuestras PBX IP tambi\u00e9n facilitan la administraci\u00f3n de plataformas de Call Centers, ya que incluyen herramientas de gesti\u00f3n y monitoreo que permiten optimizar el rendimiento y la eficiencia de tus agentes. Estas herramientas incluyen enrutamiento inteligente de llamadas, grabaci\u00f3n y almacenamiento de llamadas, as\u00ed como reportes detallados y estad\u00edsticas en tiempo real los cuales te ayudaran a tomar decisiones informadas.<\/p><\/div><\/div><\/div>\t\t\t\t\t\t\t\t<\/div>\n\t\t\t\t<\/div>\n\t\t\t\t<div class=\"elementor-element elementor-element-b0aa023 elementor-widget elementor-widget-text-editor\" data-id=\"b0aa023\" data-element_type=\"widget\" data-e-type=\"widget\" data-widget_type=\"text-editor.default\">\n\t\t\t\t<div class=\"elementor-widget-container\">\n\t\t\t\t\t\t\t\t\t<div class=\"x-container marginless-columns\"><div class=\"x-column x-sm x-1-1\"><div class=\"x-text\"><p>En Iconex, nos enorgullecemos de ofrecer soluciones de comunicaci\u00f3n IP de alta calidad y confiabilidad para empresas y Call Centers. Con nuestro enfoque personalizado y nuestra atenci\u00f3n al detalle 24\/7, estamos comprometidos a brindar la mejor experiencia y resultados \u00f3ptimos para cada necesidad de nuestros clientes.<\/p><\/div><\/div><\/div>\t\t\t\t\t\t\t\t<\/div>\n\t\t\t\t<\/div>\n\t\t\t\t<div class=\"elementor-element elementor-element-7e65896 elementor-align-left elementor-widget elementor-widget-button\" data-id=\"7e65896\" data-element_type=\"widget\" data-e-type=\"widget\" data-widget_type=\"button.default\">\n\t\t\t\t<div class=\"elementor-widget-container\">\n\t\t\t\t\t\t\t\t\t<div class=\"elementor-button-wrapper\">\n\t\t\t\t\t<a class=\"elementor-button elementor-button-link elementor-size-sm\" href=\"https:\/\/www.iconex.cl\/index.php\/contacto-2\/\">\n\t\t\t\t\t\t<span class=\"elementor-button-content-wrapper\">\n\t\t\t\t\t\t<span class=\"elementor-button-icon\">\n\t\t\t\t<i aria-hidden=\"true\" class=\"fas fa-angle-double-right\"><\/i>\t\t\t<\/span>\n\t\t\t\t\t\t\t\t\t<span class=\"elementor-button-text\">Contratar<\/span>\n\t\t\t\t\t<\/span>\n\t\t\t\t\t<\/a>\n\t\t\t\t<\/div>\n\t\t\t\t\t\t\t\t<\/div>\n\t\t\t\t<\/div>\n\t\t\t\t\t<\/div>\n\t\t<\/div>\n\t\t\t\t<div class=\"elementor-column elementor-col-50 elementor-inner-column elementor-element elementor-element-fa364d0\" data-id=\"fa364d0\" data-element_type=\"column\" data-e-type=\"column\">\n\t\t\t<div class=\"elementor-widget-wrap\">\n\t\t\t\t\t\t\t<\/div>\n\t\t<\/div>\n\t\t\t\t\t<\/div>\n\t\t<\/section>\n\t\t\t\t\t<\/div>\n\t\t<\/div>\n\t\t\t\t\t<\/div>\n\t\t<\/section>\n\t\t\t\t<\/div>\n\t\t","protected":false},"excerpt":{"rendered":"<p>Soluciones Integrales de Centralitas Telef\u00f3nicas IP: PBX IP F\u00edsicas y Virtuales para Empresas y Call Centers Soluciones Integrales de Centralitas Telef\u00f3nicas IP: PBX IP F\u00edsicas y Virtuales para Empresas y Call Centers \u00abCONFIANZA Y EXPERIENCIA EN LAS COMUNICACIONES DE TU NEGOCIO\u00bb Como especialistas en el campo de las telecomunicaciones, en Iconex comprendemos la importancia de [&hellip;]<\/p>\n","protected":false},"author":4,"featured_media":0,"parent":0,"menu_order":0,"comment_status":"closed","ping_status":"closed","template":"","meta":{"site-sidebar-layout":"no-sidebar","site-content-layout":"page-builder","ast-site-content-layout":"default","site-content-style":"default","site-sidebar-style":"default","ast-global-header-display":"","ast-banner-title-visibility":"","ast-main-header-display":"","ast-hfb-above-header-display":"","ast-hfb-below-header-display":"","ast-hfb-mobile-header-display":"","site-post-title":"disabled","ast-breadcrumbs-content":"disabled","ast-featured-img":"disabled","footer-sml-layout":"","ast-disable-related-posts":"","theme-transparent-header-meta":"disabled","adv-header-id-meta":"","stick-header-meta":"default","header-above-stick-meta":"","header-main-stick-meta":"","header-below-stick-meta":"","astra-migrate-meta-layouts":"default","ast-page-background-enabled":"default","ast-page-background-meta":{"desktop":{"background-color":"var(--ast-global-color-4)","background-image":"","background-repeat":"repeat","background-position":"center center","background-size":"auto","background-attachment":"scroll","background-type":"","background-media":"","overlay-type":"","overlay-color":"","overlay-opacity":"","overlay-gradient":""},"tablet":{"background-color":"","background-image":"","background-repeat":"repeat","background-position":"center center","background-size":"auto","background-attachment":"scroll","background-type":"","background-media":"","overlay-type":"","overlay-color":"","overlay-opacity":"","overlay-gradient":""},"mobile":{"background-color":"","background-image":"","background-repeat":"repeat","background-position":"center center","background-size":"auto","background-attachment":"scroll","background-type":"","background-media":"","overlay-type":"","overlay-color":"","overlay-opacity":"","overlay-gradient":""}},"ast-content-background-meta":{"desktop":{"background-color":"var(--ast-global-color-5)","background-image":"","background-repeat":"repeat","background-position":"center center","background-size":"auto","background-attachment":"scroll","background-type":"","background-media":"","overlay-type":"","overlay-color":"","overlay-opacity":"","overlay-gradient":""},"tablet":{"background-color":"var(--ast-global-color-5)","background-image":"","background-repeat":"repeat","background-position":"center center","background-size":"auto","background-attachment":"scroll","background-type":"","background-media":"","overlay-type":"","overlay-color":"","overlay-opacity":"","overlay-gradient":""},"mobile":{"background-color":"var(--ast-global-color-5)","background-image":"","background-repeat":"repeat","background-position":"center center","background-size":"auto","background-attachment":"scroll","background-type":"","background-media":"","overlay-type":"","overlay-color":"","overlay-opacity":"","overlay-gradient":""}},"footnotes":""},"class_list":["post-2093","page","type-page","status-publish","hentry"],"yoast_head":"<!-- This site is optimized with the Yoast SEO plugin v27.5 - https:\/\/yoast.com\/product\/yoast-seo-wordpress\/ -->\n<title>Soluciones Integrales de Centralitas Telef\u00f3nicas IP: PBX IP F\u00edsicas y Virtuales para Empresas y Call Centers - ICONEX - Conectividad a Tu Alcance<\/title>\n<meta name=\"robots\" content=\"index, follow, max-snippet:-1, max-image-preview:large, max-video-preview:-1\" \/>\n<link rel=\"canonical\" href=\"https:\/\/www.iconex.cl\/index.php\/soluciones-integrales-de-centralitas-telefonicas-ip-pbx-ip-fisicas-y-virtuales-para-empresas-y-call-centers\/\" \/>\n<meta property=\"og:locale\" content=\"es_ES\" \/>\n<meta property=\"og:type\" content=\"article\" \/>\n<meta property=\"og:title\" content=\"Soluciones Integrales de Centralitas Telef\u00f3nicas IP: PBX IP F\u00edsicas y Virtuales para Empresas y Call Centers - ICONEX - Conectividad a Tu Alcance\" \/>\n<meta property=\"og:description\" content=\"Soluciones Integrales de Centralitas Telef\u00f3nicas IP: PBX IP F\u00edsicas y Virtuales para Empresas y Call Centers Soluciones Integrales de Centralitas Telef\u00f3nicas IP: PBX IP F\u00edsicas y Virtuales para Empresas y Call Centers \u00abCONFIANZA Y EXPERIENCIA EN LAS COMUNICACIONES DE TU NEGOCIO\u00bb Como especialistas en el campo de las telecomunicaciones, en Iconex comprendemos la importancia de [&hellip;]\" \/>\n<meta property=\"og:url\" content=\"https:\/\/www.iconex.cl\/index.php\/soluciones-integrales-de-centralitas-telefonicas-ip-pbx-ip-fisicas-y-virtuales-para-empresas-y-call-centers\/\" \/>\n<meta property=\"og:site_name\" content=\"ICONEX - Conectividad a Tu Alcance\" \/>\n<meta property=\"article:publisher\" content=\"https:\/\/www.facebook.com\/IconexSpA\" \/>\n<meta property=\"article:modified_time\" content=\"2023-05-18T03:31:18+00:00\" \/>\n<meta name=\"twitter:card\" content=\"summary_large_image\" \/>\n<meta name=\"twitter:site\" content=\"@IconexSpa\" \/>\n<meta name=\"twitter:label1\" content=\"Tiempo de lectura\" \/>\n\t<meta name=\"twitter:data1\" content=\"2 minutos\" \/>\n<script type=\"application\/ld+json\" class=\"yoast-schema-graph\">{\"@context\":\"https:\\\/\\\/schema.org\",\"@graph\":[{\"@type\":\"WebPage\",\"@id\":\"https:\\\/\\\/www.iconex.cl\\\/index.php\\\/soluciones-integrales-de-centralitas-telefonicas-ip-pbx-ip-fisicas-y-virtuales-para-empresas-y-call-centers\\\/\",\"url\":\"https:\\\/\\\/www.iconex.cl\\\/index.php\\\/soluciones-integrales-de-centralitas-telefonicas-ip-pbx-ip-fisicas-y-virtuales-para-empresas-y-call-centers\\\/\",\"name\":\"Soluciones Integrales de Centralitas Telef\u00f3nicas IP: PBX IP F\u00edsicas y Virtuales para Empresas y Call Centers - ICONEX - Conectividad a Tu Alcance\",\"isPartOf\":{\"@id\":\"https:\\\/\\\/www.iconex.cl\\\/#website\"},\"datePublished\":\"2023-05-09T19:37:14+00:00\",\"dateModified\":\"2023-05-18T03:31:18+00:00\",\"breadcrumb\":{\"@id\":\"https:\\\/\\\/www.iconex.cl\\\/index.php\\\/soluciones-integrales-de-centralitas-telefonicas-ip-pbx-ip-fisicas-y-virtuales-para-empresas-y-call-centers\\\/#breadcrumb\"},\"inLanguage\":\"es\",\"potentialAction\":[{\"@type\":\"ReadAction\",\"target\":[\"https:\\\/\\\/www.iconex.cl\\\/index.php\\\/soluciones-integrales-de-centralitas-telefonicas-ip-pbx-ip-fisicas-y-virtuales-para-empresas-y-call-centers\\\/\"]}]},{\"@type\":\"BreadcrumbList\",\"@id\":\"https:\\\/\\\/www.iconex.cl\\\/index.php\\\/soluciones-integrales-de-centralitas-telefonicas-ip-pbx-ip-fisicas-y-virtuales-para-empresas-y-call-centers\\\/#breadcrumb\",\"itemListElement\":[{\"@type\":\"ListItem\",\"position\":1,\"name\":\"Portada\",\"item\":\"https:\\\/\\\/www.iconex.cl\\\/\"},{\"@type\":\"ListItem\",\"position\":2,\"name\":\"Soluciones Integrales de Centralitas Telef\u00f3nicas IP: PBX IP F\u00edsicas y Virtuales para Empresas y Call Centers\"}]},{\"@type\":\"WebSite\",\"@id\":\"https:\\\/\\\/www.iconex.cl\\\/#website\",\"url\":\"https:\\\/\\\/www.iconex.cl\\\/\",\"name\":\"ICONEX - Conectividad a Tu Alcance\",\"description\":\"Internet de Alta Velocidad\",\"publisher\":{\"@id\":\"https:\\\/\\\/www.iconex.cl\\\/#organization\"},\"potentialAction\":[{\"@type\":\"SearchAction\",\"target\":{\"@type\":\"EntryPoint\",\"urlTemplate\":\"https:\\\/\\\/www.iconex.cl\\\/?s={search_term_string}\"},\"query-input\":{\"@type\":\"PropertyValueSpecification\",\"valueRequired\":true,\"valueName\":\"search_term_string\"}}],\"inLanguage\":\"es\"},{\"@type\":\"Organization\",\"@id\":\"https:\\\/\\\/www.iconex.cl\\\/#organization\",\"name\":\"ICONEX SpA\",\"url\":\"https:\\\/\\\/www.iconex.cl\\\/\",\"logo\":{\"@type\":\"ImageObject\",\"inLanguage\":\"es\",\"@id\":\"https:\\\/\\\/www.iconex.cl\\\/#\\\/schema\\\/logo\\\/image\\\/\",\"url\":\"https:\\\/\\\/www.iconex.cl\\\/wp-content\\\/uploads\\\/2023\\\/11\\\/cropped-1.png\",\"contentUrl\":\"https:\\\/\\\/www.iconex.cl\\\/wp-content\\\/uploads\\\/2023\\\/11\\\/cropped-1.png\",\"width\":1920,\"height\":449,\"caption\":\"ICONEX SpA\"},\"image\":{\"@id\":\"https:\\\/\\\/www.iconex.cl\\\/#\\\/schema\\\/logo\\\/image\\\/\"},\"sameAs\":[\"https:\\\/\\\/www.facebook.com\\\/IconexSpA\",\"https:\\\/\\\/x.com\\\/IconexSpa\",\"https:\\\/\\\/www.instagram.com\\\/iconexspa\\\/\"]}]}<\/script>\n<!-- \/ Yoast SEO plugin. -->","yoast_head_json":{"title":"Soluciones Integrales de Centralitas Telef\u00f3nicas IP: PBX IP F\u00edsicas y Virtuales para Empresas y Call Centers - ICONEX - Conectividad a Tu Alcance","robots":{"index":"index","follow":"follow","max-snippet":"max-snippet:-1","max-image-preview":"max-image-preview:large","max-video-preview":"max-video-preview:-1"},"canonical":"https:\/\/www.iconex.cl\/index.php\/soluciones-integrales-de-centralitas-telefonicas-ip-pbx-ip-fisicas-y-virtuales-para-empresas-y-call-centers\/","og_locale":"es_ES","og_type":"article","og_title":"Soluciones Integrales de Centralitas Telef\u00f3nicas IP: PBX IP F\u00edsicas y Virtuales para Empresas y Call Centers - ICONEX - Conectividad a Tu Alcance","og_description":"Soluciones Integrales de Centralitas Telef\u00f3nicas IP: PBX IP F\u00edsicas y Virtuales para Empresas y Call Centers Soluciones Integrales de Centralitas Telef\u00f3nicas IP: PBX IP F\u00edsicas y Virtuales para Empresas y Call Centers \u00abCONFIANZA Y EXPERIENCIA EN LAS COMUNICACIONES DE TU NEGOCIO\u00bb Como especialistas en el campo de las telecomunicaciones, en Iconex comprendemos la importancia de [&hellip;]","og_url":"https:\/\/www.iconex.cl\/index.php\/soluciones-integrales-de-centralitas-telefonicas-ip-pbx-ip-fisicas-y-virtuales-para-empresas-y-call-centers\/","og_site_name":"ICONEX - Conectividad a Tu Alcance","article_publisher":"https:\/\/www.facebook.com\/IconexSpA","article_modified_time":"2023-05-18T03:31:18+00:00","twitter_card":"summary_large_image","twitter_site":"@IconexSpa","twitter_misc":{"Tiempo de lectura":"2 minutos"},"schema":{"@context":"https:\/\/schema.org","@graph":[{"@type":"WebPage","@id":"https:\/\/www.iconex.cl\/index.php\/soluciones-integrales-de-centralitas-telefonicas-ip-pbx-ip-fisicas-y-virtuales-para-empresas-y-call-centers\/","url":"https:\/\/www.iconex.cl\/index.php\/soluciones-integrales-de-centralitas-telefonicas-ip-pbx-ip-fisicas-y-virtuales-para-empresas-y-call-centers\/","name":"Soluciones Integrales de Centralitas Telef\u00f3nicas IP: PBX IP F\u00edsicas y Virtuales para Empresas y Call Centers - ICONEX - Conectividad a Tu Alcance","isPartOf":{"@id":"https:\/\/www.iconex.cl\/#website"},"datePublished":"2023-05-09T19:37:14+00:00","dateModified":"2023-05-18T03:31:18+00:00","breadcrumb":{"@id":"https:\/\/www.iconex.cl\/index.php\/soluciones-integrales-de-centralitas-telefonicas-ip-pbx-ip-fisicas-y-virtuales-para-empresas-y-call-centers\/#breadcrumb"},"inLanguage":"es","potentialAction":[{"@type":"ReadAction","target":["https:\/\/www.iconex.cl\/index.php\/soluciones-integrales-de-centralitas-telefonicas-ip-pbx-ip-fisicas-y-virtuales-para-empresas-y-call-centers\/"]}]},{"@type":"BreadcrumbList","@id":"https:\/\/www.iconex.cl\/index.php\/soluciones-integrales-de-centralitas-telefonicas-ip-pbx-ip-fisicas-y-virtuales-para-empresas-y-call-centers\/#breadcrumb","itemListElement":[{"@type":"ListItem","position":1,"name":"Portada","item":"https:\/\/www.iconex.cl\/"},{"@type":"ListItem","position":2,"name":"Soluciones Integrales de Centralitas Telef\u00f3nicas IP: PBX IP F\u00edsicas y Virtuales para Empresas y Call Centers"}]},{"@type":"WebSite","@id":"https:\/\/www.iconex.cl\/#website","url":"https:\/\/www.iconex.cl\/","name":"ICONEX - Conectividad a Tu Alcance","description":"Internet de Alta Velocidad","publisher":{"@id":"https:\/\/www.iconex.cl\/#organization"},"potentialAction":[{"@type":"SearchAction","target":{"@type":"EntryPoint","urlTemplate":"https:\/\/www.iconex.cl\/?s={search_term_string}"},"query-input":{"@type":"PropertyValueSpecification","valueRequired":true,"valueName":"search_term_string"}}],"inLanguage":"es"},{"@type":"Organization","@id":"https:\/\/www.iconex.cl\/#organization","name":"ICONEX SpA","url":"https:\/\/www.iconex.cl\/","logo":{"@type":"ImageObject","inLanguage":"es","@id":"https:\/\/www.iconex.cl\/#\/schema\/logo\/image\/","url":"https:\/\/www.iconex.cl\/wp-content\/uploads\/2023\/11\/cropped-1.png","contentUrl":"https:\/\/www.iconex.cl\/wp-content\/uploads\/2023\/11\/cropped-1.png","width":1920,"height":449,"caption":"ICONEX SpA"},"image":{"@id":"https:\/\/www.iconex.cl\/#\/schema\/logo\/image\/"},"sameAs":["https:\/\/www.facebook.com\/IconexSpA","https:\/\/x.com\/IconexSpa","https:\/\/www.instagram.com\/iconexspa\/"]}]}},"_links":{"self":[{"href":"https:\/\/www.iconex.cl\/index.php\/wp-json\/wp\/v2\/pages\/2093","targetHints":{"allow":["GET"]}}],"collection":[{"href":"https:\/\/www.iconex.cl\/index.php\/wp-json\/wp\/v2\/pages"}],"about":[{"href":"https:\/\/www.iconex.cl\/index.php\/wp-json\/wp\/v2\/types\/page"}],"author":[{"embeddable":true,"href":"https:\/\/www.iconex.cl\/index.php\/wp-json\/wp\/v2\/users\/4"}],"replies":[{"embeddable":true,"href":"https:\/\/www.iconex.cl\/index.php\/wp-json\/wp\/v2\/comments?post=2093"}],"version-history":[{"count":26,"href":"https:\/\/www.iconex.cl\/index.php\/wp-json\/wp\/v2\/pages\/2093\/revisions"}],"predecessor-version":[{"id":2167,"href":"https:\/\/www.iconex.cl\/index.php\/wp-json\/wp\/v2\/pages\/2093\/revisions\/2167"}],"wp:attachment":[{"href":"https:\/\/www.iconex.cl\/index.php\/wp-json\/wp\/v2\/media?parent=2093"}],"curies":[{"name":"wp","href":"https:\/\/api.w.org\/{rel}","templated":true}]}}