{"id":2109,"date":"2023-05-09T15:46:07","date_gmt":"2023-05-09T19:46:07","guid":{"rendered":"https:\/\/www.iconex.cl\/?page_id=2109"},"modified":"2023-05-17T23:31:23","modified_gmt":"2023-05-18T03:31:23","slug":"enlaces-de-internet-dedicados-transporte-ip-y-cdn-conectividad-de-alta-calidad-desde-2-mbps-hasta-10-gbps","status":"publish","type":"page","link":"https:\/\/www.iconex.cl\/index.php\/enlaces-de-internet-dedicados-transporte-ip-y-cdn-conectividad-de-alta-calidad-desde-2-mbps-hasta-10-gbps\/","title":{"rendered":"Enlaces de Internet Dedicados, Transporte IP y CDN: Conectividad de Alta Calidad desde 2 Mbps hasta 10 Gbps"},"content":{"rendered":"\t\t<div data-elementor-type=\"wp-page\" data-elementor-id=\"2109\" class=\"elementor elementor-2109\">\n\t\t\t\t\t\t<section class=\"elementor-section elementor-top-section elementor-element elementor-element-3a2000a elementor-section-boxed elementor-section-height-default elementor-section-height-default\" data-id=\"3a2000a\" data-element_type=\"section\" data-e-type=\"section\" data-settings=\"{&quot;background_background&quot;:&quot;slideshow&quot;,&quot;background_slideshow_gallery&quot;:[{&quot;id&quot;:1814,&quot;url&quot;:&quot;https:\\\/\\\/www.iconex.cl\\\/wp-content\\\/uploads\\\/2023\\\/02\\\/8-2.jpg&quot;},{&quot;id&quot;:1815,&quot;url&quot;:&quot;https:\\\/\\\/www.iconex.cl\\\/wp-content\\\/uploads\\\/2023\\\/02\\\/9-1.jpg&quot;}],&quot;background_slideshow_slide_duration&quot;:3000,&quot;background_slideshow_ken_burns&quot;:&quot;yes&quot;,&quot;background_slideshow_loop&quot;:&quot;yes&quot;,&quot;background_slideshow_slide_transition&quot;:&quot;fade&quot;,&quot;background_slideshow_transition_duration&quot;:500,&quot;background_slideshow_ken_burns_zoom_direction&quot;:&quot;in&quot;}\">\n\t\t\t\t\t\t\t<div class=\"elementor-background-overlay\"><\/div>\n\t\t\t\t\t\t\t<div class=\"elementor-container elementor-column-gap-no\">\n\t\t\t\t\t<div class=\"elementor-column elementor-col-100 elementor-top-column elementor-element elementor-element-cc2734a\" data-id=\"cc2734a\" data-element_type=\"column\" data-e-type=\"column\">\n\t\t\t<div class=\"elementor-widget-wrap elementor-element-populated\">\n\t\t\t\t\t\t<div class=\"elementor-element elementor-element-8cb3cef elementor-widget elementor-widget-heading\" data-id=\"8cb3cef\" data-element_type=\"widget\" data-e-type=\"widget\" data-widget_type=\"heading.default\">\n\t\t\t\t<div class=\"elementor-widget-container\">\n\t\t\t\t\t<h1 class=\"elementor-heading-title elementor-size-default\">Enlaces de Internet Dedicados, Transporte IP y CDN: Conectividad de Alta Calidad desde 2 Mbps hasta 10 Gbps<\/h1>\t\t\t\t<\/div>\n\t\t\t\t<\/div>\n\t\t\t\t\t<\/div>\n\t\t<\/div>\n\t\t\t\t\t<\/div>\n\t\t<\/section>\n\t\t\t\t<section class=\"elementor-section elementor-top-section elementor-element elementor-element-a1dbd57 elementor-section-boxed elementor-section-height-default elementor-section-height-default\" data-id=\"a1dbd57\" data-element_type=\"section\" data-e-type=\"section\" data-settings=\"{&quot;background_background&quot;:&quot;classic&quot;}\">\n\t\t\t\t\t\t<div class=\"elementor-container elementor-column-gap-no\">\n\t\t\t\t\t<div class=\"elementor-column elementor-col-100 elementor-top-column elementor-element elementor-element-4aa1d28\" data-id=\"4aa1d28\" data-element_type=\"column\" data-e-type=\"column\">\n\t\t\t<div class=\"elementor-widget-wrap elementor-element-populated\">\n\t\t\t\t\t\t<section class=\"elementor-section elementor-inner-section elementor-element elementor-element-2201d4b elementor-section-boxed elementor-section-height-default elementor-section-height-default\" data-id=\"2201d4b\" data-element_type=\"section\" data-e-type=\"section\">\n\t\t\t\t\t\t<div class=\"elementor-container elementor-column-gap-default\">\n\t\t\t\t\t<div class=\"elementor-column elementor-col-100 elementor-inner-column elementor-element elementor-element-7be499d\" data-id=\"7be499d\" data-element_type=\"column\" data-e-type=\"column\">\n\t\t\t<div class=\"elementor-widget-wrap elementor-element-populated\">\n\t\t\t\t\t\t<div class=\"elementor-element elementor-element-153efb1 elementor-widget elementor-widget-heading\" data-id=\"153efb1\" data-element_type=\"widget\" data-e-type=\"widget\" data-widget_type=\"heading.default\">\n\t\t\t\t<div class=\"elementor-widget-container\">\n\t\t\t\t\t<h3 class=\"elementor-heading-title elementor-size-default\">Enlaces de Internet Dedicados, Transporte IP y CDN: Conectividad de Alta Calidad desde 2 Mbps hasta 10 Gbps<\/h3>\t\t\t\t<\/div>\n\t\t\t\t<\/div>\n\t\t\t\t<div class=\"elementor-element elementor-element-74b6048 elementor-widget-tablet__width-initial elementor-widget elementor-widget-heading\" data-id=\"74b6048\" data-element_type=\"widget\" data-e-type=\"widget\" data-widget_type=\"heading.default\">\n\t\t\t\t<div class=\"elementor-widget-container\">\n\t\t\t\t\t<h2 class=\"elementor-heading-title elementor-size-default\">\"CONEXIONES DE INTERNET DEDICADAS Y CONFIABLES PARA IMPULSAR EL \u00c9XITO DE TU NEGOCIO\"<\/h2>\t\t\t\t<\/div>\n\t\t\t\t<\/div>\n\t\t\t\t\t<\/div>\n\t\t<\/div>\n\t\t\t\t\t<\/div>\n\t\t<\/section>\n\t\t\t\t<section class=\"elementor-section elementor-inner-section elementor-element elementor-element-af53dcf elementor-section-boxed elementor-section-height-default elementor-section-height-default\" data-id=\"af53dcf\" data-element_type=\"section\" data-e-type=\"section\">\n\t\t\t\t\t\t<div class=\"elementor-container elementor-column-gap-default\">\n\t\t\t\t\t<div class=\"elementor-column elementor-col-100 elementor-inner-column elementor-element elementor-element-5761d06\" data-id=\"5761d06\" data-element_type=\"column\" data-e-type=\"column\">\n\t\t\t<div class=\"elementor-widget-wrap elementor-element-populated\">\n\t\t\t\t\t\t<div class=\"elementor-element elementor-element-bc92f93 elementor-widget elementor-widget-text-editor\" data-id=\"bc92f93\" data-element_type=\"widget\" data-e-type=\"widget\" data-widget_type=\"text-editor.default\">\n\t\t\t\t<div class=\"elementor-widget-container\">\n\t\t\t\t\t\t\t\t\t<div class=\"x-container marginless-columns\"><div class=\"x-column x-sm x-1-1\"><div class=\"x-text\"><p>En Iconex, somos expertos en proporcionar servicios de enlaces dedicados e internet dedicados de alta calidad para empresas de todos los tama\u00f1os. Nuestra s\u00f3lida red de transmisi\u00f3n nacional cuenta con anillos de fibra \u00f3ptica redundantes, que conectan nuestros principales nodos y garantizan una conectividad Carrier Class para los proyectos de tu empresa.<\/p><\/div><\/div><\/div>\t\t\t\t\t\t\t\t<\/div>\n\t\t\t\t<\/div>\n\t\t\t\t<div class=\"elementor-element elementor-element-70ca2f7 elementor-widget elementor-widget-image\" data-id=\"70ca2f7\" data-element_type=\"widget\" data-e-type=\"widget\" data-widget_type=\"image.default\">\n\t\t\t\t<div class=\"elementor-widget-container\">\n\t\t\t\t\t\t\t\t\t\t\t\t\t\t\t<img fetchpriority=\"high\" decoding=\"async\" width=\"927\" height=\"1024\" src=\"https:\/\/www.iconex.cl\/wp-content\/uploads\/2023\/05\/redundancia-927x1024.jpg\" class=\"attachment-large size-large wp-image-2120\" alt=\"\" srcset=\"https:\/\/www.iconex.cl\/wp-content\/uploads\/2023\/05\/redundancia-927x1024.jpg 927w, https:\/\/www.iconex.cl\/wp-content\/uploads\/2023\/05\/redundancia-271x300.jpg 271w, https:\/\/www.iconex.cl\/wp-content\/uploads\/2023\/05\/redundancia-768x849.jpg 768w, https:\/\/www.iconex.cl\/wp-content\/uploads\/2023\/05\/redundancia-1390x1536.jpg 1390w, https:\/\/www.iconex.cl\/wp-content\/uploads\/2023\/05\/redundancia-1853x2048.jpg 1853w\" sizes=\"(max-width: 927px) 100vw, 927px\" \/>\t\t\t\t\t\t\t\t\t\t\t\t\t\t\t<\/div>\n\t\t\t\t<\/div>\n\t\t\t\t<div class=\"elementor-element elementor-element-1f2eede elementor-widget elementor-widget-text-editor\" data-id=\"1f2eede\" data-element_type=\"widget\" data-e-type=\"widget\" data-widget_type=\"text-editor.default\">\n\t\t\t\t<div class=\"elementor-widget-container\">\n\t\t\t\t\t\t\t\t\t<div class=\"x-container marginless-columns\"><div class=\"x-column x-sm x-1-1\"><div class=\"x-text\"><p>Nuestras soluciones de internet dedicado abarcan desde 2 Mbps hasta 1 Gbps, lo que permite adaptarse a las necesidades espec\u00edficas de cada cliente. Este rango de opciones asegura que tu negocio cuente con la velocidad y el rendimiento \u00f3ptimos para un funcionamiento eficiente y un crecimiento sostenible.<\/p><\/div><\/div><\/div>\t\t\t\t\t\t\t\t<\/div>\n\t\t\t\t<\/div>\n\t\t\t\t<div class=\"elementor-element elementor-element-ea7cc09 elementor-widget elementor-widget-text-editor\" data-id=\"ea7cc09\" data-element_type=\"widget\" data-e-type=\"widget\" data-widget_type=\"text-editor.default\">\n\t\t\t\t<div class=\"elementor-widget-container\">\n\t\t\t\t\t\t\t\t\t<div class=\"x-container marginless-columns\"><div class=\"x-column x-sm x-1-1\"><div class=\"x-text\"><p>Nos distinguimos de la competencia al ser la \u00fanica empresa que ofrece enlaces de internet con redundancia por MM.OO. (Microondas). Esto garantiza servicios de alta disponibilidad y una mayor confiabilidad en la conexi\u00f3n, evitando tiempos de inactividad y mejorando la continuidad del negocio.<\/p><\/div><\/div><\/div>\t\t\t\t\t\t\t\t<\/div>\n\t\t\t\t<\/div>\n\t\t\t\t<div class=\"elementor-element elementor-element-4542c16 elementor-widget elementor-widget-text-editor\" data-id=\"4542c16\" data-element_type=\"widget\" data-e-type=\"widget\" data-widget_type=\"text-editor.default\">\n\t\t\t\t<div class=\"elementor-widget-container\">\n\t\t\t\t\t\t\t\t\t<div class=\"x-container marginless-columns\"><div class=\"x-column x-sm x-1-1\"><div class=\"x-text\"><p>Al confiar en Iconex para tus servicios de enlaces de internet y transporte IP, recibir\u00e1s el respaldo de nuestro equipo de profesionales altamente capacitados, que te entregaran siempre la mejor atenci\u00f3n y soporte t\u00e9cnico. Trabajamos en estrecha colaboraci\u00f3n contigo para identificar tus necesidades y dise\u00f1ar soluciones a medida que impulsen el \u00e9xito de tu negocio.<\/p><\/div><\/div><\/div>\t\t\t\t\t\t\t\t<\/div>\n\t\t\t\t<\/div>\n\t\t\t\t<div class=\"elementor-element elementor-element-b0aa023 elementor-widget elementor-widget-text-editor\" data-id=\"b0aa023\" data-element_type=\"widget\" data-e-type=\"widget\" data-widget_type=\"text-editor.default\">\n\t\t\t\t<div class=\"elementor-widget-container\">\n\t\t\t\t\t\t\t\t\t<div class=\"x-container marginless-columns\"><div class=\"x-column x-sm x-1-1\"><div class=\"x-text\"><p>En Iconex, estamos comprometidos con la excelencia en la provisi\u00f3n de servicios de internet dedicados y enlaces dedicados, ofreciendo soluciones personalizadas, escalables y confiables para que tu negocio alcance su m\u00e1ximo potencial.<\/p><\/div><\/div><\/div>\t\t\t\t\t\t\t\t<\/div>\n\t\t\t\t<\/div>\n\t\t\t\t<div class=\"elementor-element elementor-element-fc9e49f elementor-align-left elementor-widget elementor-widget-button\" data-id=\"fc9e49f\" data-element_type=\"widget\" data-e-type=\"widget\" data-widget_type=\"button.default\">\n\t\t\t\t<div class=\"elementor-widget-container\">\n\t\t\t\t\t\t\t\t\t<div class=\"elementor-button-wrapper\">\n\t\t\t\t\t<a class=\"elementor-button elementor-button-link elementor-size-sm\" href=\"https:\/\/www.iconex.cl\/index.php\/contacto-2\/\">\n\t\t\t\t\t\t<span class=\"elementor-button-content-wrapper\">\n\t\t\t\t\t\t<span class=\"elementor-button-icon\">\n\t\t\t\t<i aria-hidden=\"true\" class=\"fas fa-angle-double-right\"><\/i>\t\t\t<\/span>\n\t\t\t\t\t\t\t\t\t<span class=\"elementor-button-text\">Contratar<\/span>\n\t\t\t\t\t<\/span>\n\t\t\t\t\t<\/a>\n\t\t\t\t<\/div>\n\t\t\t\t\t\t\t\t<\/div>\n\t\t\t\t<\/div>\n\t\t\t\t\t<\/div>\n\t\t<\/div>\n\t\t\t\t\t<\/div>\n\t\t<\/section>\n\t\t\t\t\t<\/div>\n\t\t<\/div>\n\t\t\t\t\t<\/div>\n\t\t<\/section>\n\t\t\t\t<\/div>\n\t\t","protected":false},"excerpt":{"rendered":"<p>Enlaces de Internet Dedicados, Transporte IP y CDN: Conectividad de Alta Calidad desde 2 Mbps hasta 10 Gbps Enlaces de Internet Dedicados, Transporte IP y CDN: Conectividad de Alta Calidad desde 2 Mbps hasta 10 Gbps \u00abCONEXIONES DE INTERNET DEDICADAS Y CONFIABLES PARA IMPULSAR EL \u00c9XITO DE TU NEGOCIO\u00bb En Iconex, somos expertos en proporcionar [&hellip;]<\/p>\n","protected":false},"author":4,"featured_media":0,"parent":0,"menu_order":0,"comment_status":"closed","ping_status":"closed","template":"","meta":{"site-sidebar-layout":"no-sidebar","site-content-layout":"page-builder","ast-site-content-layout":"default","site-content-style":"default","site-sidebar-style":"default","ast-global-header-display":"","ast-banner-title-visibility":"","ast-main-header-display":"","ast-hfb-above-header-display":"","ast-hfb-below-header-display":"","ast-hfb-mobile-header-display":"","site-post-title":"disabled","ast-breadcrumbs-content":"disabled","ast-featured-img":"disabled","footer-sml-layout":"","ast-disable-related-posts":"","theme-transparent-header-meta":"disabled","adv-header-id-meta":"","stick-header-meta":"default","header-above-stick-meta":"","header-main-stick-meta":"","header-below-stick-meta":"","astra-migrate-meta-layouts":"default","ast-page-background-enabled":"default","ast-page-background-meta":{"desktop":{"background-color":"var(--ast-global-color-4)","background-image":"","background-repeat":"repeat","background-position":"center center","background-size":"auto","background-attachment":"scroll","background-type":"","background-media":"","overlay-type":"","overlay-color":"","overlay-opacity":"","overlay-gradient":""},"tablet":{"background-color":"","background-image":"","background-repeat":"repeat","background-position":"center center","background-size":"auto","background-attachment":"scroll","background-type":"","background-media":"","overlay-type":"","overlay-color":"","overlay-opacity":"","overlay-gradient":""},"mobile":{"background-color":"","background-image":"","background-repeat":"repeat","background-position":"center center","background-size":"auto","background-attachment":"scroll","background-type":"","background-media":"","overlay-type":"","overlay-color":"","overlay-opacity":"","overlay-gradient":""}},"ast-content-background-meta":{"desktop":{"background-color":"var(--ast-global-color-5)","background-image":"","background-repeat":"repeat","background-position":"center center","background-size":"auto","background-attachment":"scroll","background-type":"","background-media":"","overlay-type":"","overlay-color":"","overlay-opacity":"","overlay-gradient":""},"tablet":{"background-color":"var(--ast-global-color-5)","background-image":"","background-repeat":"repeat","background-position":"center center","background-size":"auto","background-attachment":"scroll","background-type":"","background-media":"","overlay-type":"","overlay-color":"","overlay-opacity":"","overlay-gradient":""},"mobile":{"background-color":"var(--ast-global-color-5)","background-image":"","background-repeat":"repeat","background-position":"center center","background-size":"auto","background-attachment":"scroll","background-type":"","background-media":"","overlay-type":"","overlay-color":"","overlay-opacity":"","overlay-gradient":""}},"footnotes":""},"class_list":["post-2109","page","type-page","status-publish","hentry"],"yoast_head":"<!-- This site is optimized with the Yoast SEO plugin v27.5 - https:\/\/yoast.com\/product\/yoast-seo-wordpress\/ -->\n<title>Enlaces de Internet Dedicados, Transporte IP y CDN: Conectividad de Alta Calidad desde 2 Mbps hasta 10 Gbps - ICONEX - Conectividad a Tu Alcance<\/title>\n<meta name=\"robots\" content=\"index, follow, max-snippet:-1, max-image-preview:large, max-video-preview:-1\" \/>\n<link rel=\"canonical\" href=\"https:\/\/www.iconex.cl\/index.php\/enlaces-de-internet-dedicados-transporte-ip-y-cdn-conectividad-de-alta-calidad-desde-2-mbps-hasta-10-gbps\/\" \/>\n<meta property=\"og:locale\" content=\"es_ES\" \/>\n<meta property=\"og:type\" content=\"article\" \/>\n<meta property=\"og:title\" content=\"Enlaces de Internet Dedicados, Transporte IP y CDN: Conectividad de Alta Calidad desde 2 Mbps hasta 10 Gbps - ICONEX - Conectividad a Tu Alcance\" \/>\n<meta property=\"og:description\" content=\"Enlaces de Internet Dedicados, Transporte IP y CDN: Conectividad de Alta Calidad desde 2 Mbps hasta 10 Gbps Enlaces de Internet Dedicados, Transporte IP y CDN: Conectividad de Alta Calidad desde 2 Mbps hasta 10 Gbps \u00abCONEXIONES DE INTERNET DEDICADAS Y CONFIABLES PARA IMPULSAR EL \u00c9XITO DE TU NEGOCIO\u00bb En Iconex, somos expertos en proporcionar [&hellip;]\" \/>\n<meta property=\"og:url\" content=\"https:\/\/www.iconex.cl\/index.php\/enlaces-de-internet-dedicados-transporte-ip-y-cdn-conectividad-de-alta-calidad-desde-2-mbps-hasta-10-gbps\/\" \/>\n<meta property=\"og:site_name\" content=\"ICONEX - Conectividad a Tu Alcance\" \/>\n<meta property=\"article:publisher\" content=\"https:\/\/www.facebook.com\/IconexSpA\" \/>\n<meta property=\"article:modified_time\" content=\"2023-05-18T03:31:23+00:00\" \/>\n<meta property=\"og:image\" content=\"https:\/\/www.iconex.cl\/wp-content\/uploads\/2023\/05\/redundancia-927x1024.jpg\" \/>\n<meta name=\"twitter:card\" content=\"summary_large_image\" \/>\n<meta name=\"twitter:site\" content=\"@IconexSpa\" \/>\n<meta name=\"twitter:label1\" content=\"Tiempo de lectura\" \/>\n\t<meta name=\"twitter:data1\" content=\"2 minutos\" \/>\n<script type=\"application\/ld+json\" class=\"yoast-schema-graph\">{\"@context\":\"https:\\\/\\\/schema.org\",\"@graph\":[{\"@type\":\"WebPage\",\"@id\":\"https:\\\/\\\/www.iconex.cl\\\/index.php\\\/enlaces-de-internet-dedicados-transporte-ip-y-cdn-conectividad-de-alta-calidad-desde-2-mbps-hasta-10-gbps\\\/\",\"url\":\"https:\\\/\\\/www.iconex.cl\\\/index.php\\\/enlaces-de-internet-dedicados-transporte-ip-y-cdn-conectividad-de-alta-calidad-desde-2-mbps-hasta-10-gbps\\\/\",\"name\":\"Enlaces de Internet Dedicados, Transporte IP y CDN: Conectividad de Alta Calidad desde 2 Mbps hasta 10 Gbps - ICONEX - Conectividad a Tu Alcance\",\"isPartOf\":{\"@id\":\"https:\\\/\\\/www.iconex.cl\\\/#website\"},\"primaryImageOfPage\":{\"@id\":\"https:\\\/\\\/www.iconex.cl\\\/index.php\\\/enlaces-de-internet-dedicados-transporte-ip-y-cdn-conectividad-de-alta-calidad-desde-2-mbps-hasta-10-gbps\\\/#primaryimage\"},\"image\":{\"@id\":\"https:\\\/\\\/www.iconex.cl\\\/index.php\\\/enlaces-de-internet-dedicados-transporte-ip-y-cdn-conectividad-de-alta-calidad-desde-2-mbps-hasta-10-gbps\\\/#primaryimage\"},\"thumbnailUrl\":\"https:\\\/\\\/www.iconex.cl\\\/wp-content\\\/uploads\\\/2023\\\/05\\\/redundancia-927x1024.jpg\",\"datePublished\":\"2023-05-09T19:46:07+00:00\",\"dateModified\":\"2023-05-18T03:31:23+00:00\",\"breadcrumb\":{\"@id\":\"https:\\\/\\\/www.iconex.cl\\\/index.php\\\/enlaces-de-internet-dedicados-transporte-ip-y-cdn-conectividad-de-alta-calidad-desde-2-mbps-hasta-10-gbps\\\/#breadcrumb\"},\"inLanguage\":\"es\",\"potentialAction\":[{\"@type\":\"ReadAction\",\"target\":[\"https:\\\/\\\/www.iconex.cl\\\/index.php\\\/enlaces-de-internet-dedicados-transporte-ip-y-cdn-conectividad-de-alta-calidad-desde-2-mbps-hasta-10-gbps\\\/\"]}]},{\"@type\":\"ImageObject\",\"inLanguage\":\"es\",\"@id\":\"https:\\\/\\\/www.iconex.cl\\\/index.php\\\/enlaces-de-internet-dedicados-transporte-ip-y-cdn-conectividad-de-alta-calidad-desde-2-mbps-hasta-10-gbps\\\/#primaryimage\",\"url\":\"https:\\\/\\\/www.iconex.cl\\\/wp-content\\\/uploads\\\/2023\\\/05\\\/redundancia.jpg\",\"contentUrl\":\"https:\\\/\\\/www.iconex.cl\\\/wp-content\\\/uploads\\\/2023\\\/05\\\/redundancia.jpg\",\"width\":2244,\"height\":2480},{\"@type\":\"BreadcrumbList\",\"@id\":\"https:\\\/\\\/www.iconex.cl\\\/index.php\\\/enlaces-de-internet-dedicados-transporte-ip-y-cdn-conectividad-de-alta-calidad-desde-2-mbps-hasta-10-gbps\\\/#breadcrumb\",\"itemListElement\":[{\"@type\":\"ListItem\",\"position\":1,\"name\":\"Portada\",\"item\":\"https:\\\/\\\/www.iconex.cl\\\/\"},{\"@type\":\"ListItem\",\"position\":2,\"name\":\"Enlaces de Internet Dedicados, Transporte IP y CDN: Conectividad de Alta Calidad desde 2 Mbps hasta 10 Gbps\"}]},{\"@type\":\"WebSite\",\"@id\":\"https:\\\/\\\/www.iconex.cl\\\/#website\",\"url\":\"https:\\\/\\\/www.iconex.cl\\\/\",\"name\":\"ICONEX - Conectividad a Tu Alcance\",\"description\":\"Internet de Alta Velocidad\",\"publisher\":{\"@id\":\"https:\\\/\\\/www.iconex.cl\\\/#organization\"},\"potentialAction\":[{\"@type\":\"SearchAction\",\"target\":{\"@type\":\"EntryPoint\",\"urlTemplate\":\"https:\\\/\\\/www.iconex.cl\\\/?s={search_term_string}\"},\"query-input\":{\"@type\":\"PropertyValueSpecification\",\"valueRequired\":true,\"valueName\":\"search_term_string\"}}],\"inLanguage\":\"es\"},{\"@type\":\"Organization\",\"@id\":\"https:\\\/\\\/www.iconex.cl\\\/#organization\",\"name\":\"ICONEX SpA\",\"url\":\"https:\\\/\\\/www.iconex.cl\\\/\",\"logo\":{\"@type\":\"ImageObject\",\"inLanguage\":\"es\",\"@id\":\"https:\\\/\\\/www.iconex.cl\\\/#\\\/schema\\\/logo\\\/image\\\/\",\"url\":\"https:\\\/\\\/www.iconex.cl\\\/wp-content\\\/uploads\\\/2023\\\/11\\\/cropped-1.png\",\"contentUrl\":\"https:\\\/\\\/www.iconex.cl\\\/wp-content\\\/uploads\\\/2023\\\/11\\\/cropped-1.png\",\"width\":1920,\"height\":449,\"caption\":\"ICONEX SpA\"},\"image\":{\"@id\":\"https:\\\/\\\/www.iconex.cl\\\/#\\\/schema\\\/logo\\\/image\\\/\"},\"sameAs\":[\"https:\\\/\\\/www.facebook.com\\\/IconexSpA\",\"https:\\\/\\\/x.com\\\/IconexSpa\",\"https:\\\/\\\/www.instagram.com\\\/iconexspa\\\/\"]}]}<\/script>\n<!-- \/ Yoast SEO plugin. -->","yoast_head_json":{"title":"Enlaces de Internet Dedicados, Transporte IP y CDN: Conectividad de Alta Calidad desde 2 Mbps hasta 10 Gbps - ICONEX - Conectividad a Tu Alcance","robots":{"index":"index","follow":"follow","max-snippet":"max-snippet:-1","max-image-preview":"max-image-preview:large","max-video-preview":"max-video-preview:-1"},"canonical":"https:\/\/www.iconex.cl\/index.php\/enlaces-de-internet-dedicados-transporte-ip-y-cdn-conectividad-de-alta-calidad-desde-2-mbps-hasta-10-gbps\/","og_locale":"es_ES","og_type":"article","og_title":"Enlaces de Internet Dedicados, Transporte IP y CDN: Conectividad de Alta Calidad desde 2 Mbps hasta 10 Gbps - ICONEX - Conectividad a Tu Alcance","og_description":"Enlaces de Internet Dedicados, Transporte IP y CDN: Conectividad de Alta Calidad desde 2 Mbps hasta 10 Gbps Enlaces de Internet Dedicados, Transporte IP y CDN: Conectividad de Alta Calidad desde 2 Mbps hasta 10 Gbps \u00abCONEXIONES DE INTERNET DEDICADAS Y CONFIABLES PARA IMPULSAR EL \u00c9XITO DE TU NEGOCIO\u00bb En Iconex, somos expertos en proporcionar [&hellip;]","og_url":"https:\/\/www.iconex.cl\/index.php\/enlaces-de-internet-dedicados-transporte-ip-y-cdn-conectividad-de-alta-calidad-desde-2-mbps-hasta-10-gbps\/","og_site_name":"ICONEX - Conectividad a Tu Alcance","article_publisher":"https:\/\/www.facebook.com\/IconexSpA","article_modified_time":"2023-05-18T03:31:23+00:00","og_image":[{"url":"https:\/\/www.iconex.cl\/wp-content\/uploads\/2023\/05\/redundancia-927x1024.jpg","type":"","width":"","height":""}],"twitter_card":"summary_large_image","twitter_site":"@IconexSpa","twitter_misc":{"Tiempo de lectura":"2 minutos"},"schema":{"@context":"https:\/\/schema.org","@graph":[{"@type":"WebPage","@id":"https:\/\/www.iconex.cl\/index.php\/enlaces-de-internet-dedicados-transporte-ip-y-cdn-conectividad-de-alta-calidad-desde-2-mbps-hasta-10-gbps\/","url":"https:\/\/www.iconex.cl\/index.php\/enlaces-de-internet-dedicados-transporte-ip-y-cdn-conectividad-de-alta-calidad-desde-2-mbps-hasta-10-gbps\/","name":"Enlaces de Internet Dedicados, Transporte IP y CDN: Conectividad de Alta Calidad desde 2 Mbps hasta 10 Gbps - ICONEX - Conectividad a Tu Alcance","isPartOf":{"@id":"https:\/\/www.iconex.cl\/#website"},"primaryImageOfPage":{"@id":"https:\/\/www.iconex.cl\/index.php\/enlaces-de-internet-dedicados-transporte-ip-y-cdn-conectividad-de-alta-calidad-desde-2-mbps-hasta-10-gbps\/#primaryimage"},"image":{"@id":"https:\/\/www.iconex.cl\/index.php\/enlaces-de-internet-dedicados-transporte-ip-y-cdn-conectividad-de-alta-calidad-desde-2-mbps-hasta-10-gbps\/#primaryimage"},"thumbnailUrl":"https:\/\/www.iconex.cl\/wp-content\/uploads\/2023\/05\/redundancia-927x1024.jpg","datePublished":"2023-05-09T19:46:07+00:00","dateModified":"2023-05-18T03:31:23+00:00","breadcrumb":{"@id":"https:\/\/www.iconex.cl\/index.php\/enlaces-de-internet-dedicados-transporte-ip-y-cdn-conectividad-de-alta-calidad-desde-2-mbps-hasta-10-gbps\/#breadcrumb"},"inLanguage":"es","potentialAction":[{"@type":"ReadAction","target":["https:\/\/www.iconex.cl\/index.php\/enlaces-de-internet-dedicados-transporte-ip-y-cdn-conectividad-de-alta-calidad-desde-2-mbps-hasta-10-gbps\/"]}]},{"@type":"ImageObject","inLanguage":"es","@id":"https:\/\/www.iconex.cl\/index.php\/enlaces-de-internet-dedicados-transporte-ip-y-cdn-conectividad-de-alta-calidad-desde-2-mbps-hasta-10-gbps\/#primaryimage","url":"https:\/\/www.iconex.cl\/wp-content\/uploads\/2023\/05\/redundancia.jpg","contentUrl":"https:\/\/www.iconex.cl\/wp-content\/uploads\/2023\/05\/redundancia.jpg","width":2244,"height":2480},{"@type":"BreadcrumbList","@id":"https:\/\/www.iconex.cl\/index.php\/enlaces-de-internet-dedicados-transporte-ip-y-cdn-conectividad-de-alta-calidad-desde-2-mbps-hasta-10-gbps\/#breadcrumb","itemListElement":[{"@type":"ListItem","position":1,"name":"Portada","item":"https:\/\/www.iconex.cl\/"},{"@type":"ListItem","position":2,"name":"Enlaces de Internet Dedicados, Transporte IP y CDN: Conectividad de Alta Calidad desde 2 Mbps hasta 10 Gbps"}]},{"@type":"WebSite","@id":"https:\/\/www.iconex.cl\/#website","url":"https:\/\/www.iconex.cl\/","name":"ICONEX - Conectividad a Tu Alcance","description":"Internet de Alta Velocidad","publisher":{"@id":"https:\/\/www.iconex.cl\/#organization"},"potentialAction":[{"@type":"SearchAction","target":{"@type":"EntryPoint","urlTemplate":"https:\/\/www.iconex.cl\/?s={search_term_string}"},"query-input":{"@type":"PropertyValueSpecification","valueRequired":true,"valueName":"search_term_string"}}],"inLanguage":"es"},{"@type":"Organization","@id":"https:\/\/www.iconex.cl\/#organization","name":"ICONEX SpA","url":"https:\/\/www.iconex.cl\/","logo":{"@type":"ImageObject","inLanguage":"es","@id":"https:\/\/www.iconex.cl\/#\/schema\/logo\/image\/","url":"https:\/\/www.iconex.cl\/wp-content\/uploads\/2023\/11\/cropped-1.png","contentUrl":"https:\/\/www.iconex.cl\/wp-content\/uploads\/2023\/11\/cropped-1.png","width":1920,"height":449,"caption":"ICONEX SpA"},"image":{"@id":"https:\/\/www.iconex.cl\/#\/schema\/logo\/image\/"},"sameAs":["https:\/\/www.facebook.com\/IconexSpA","https:\/\/x.com\/IconexSpa","https:\/\/www.instagram.com\/iconexspa\/"]}]}},"_links":{"self":[{"href":"https:\/\/www.iconex.cl\/index.php\/wp-json\/wp\/v2\/pages\/2109","targetHints":{"allow":["GET"]}}],"collection":[{"href":"https:\/\/www.iconex.cl\/index.php\/wp-json\/wp\/v2\/pages"}],"about":[{"href":"https:\/\/www.iconex.cl\/index.php\/wp-json\/wp\/v2\/types\/page"}],"author":[{"embeddable":true,"href":"https:\/\/www.iconex.cl\/index.php\/wp-json\/wp\/v2\/users\/4"}],"replies":[{"embeddable":true,"href":"https:\/\/www.iconex.cl\/index.php\/wp-json\/wp\/v2\/comments?post=2109"}],"version-history":[{"count":13,"href":"https:\/\/www.iconex.cl\/index.php\/wp-json\/wp\/v2\/pages\/2109\/revisions"}],"predecessor-version":[{"id":2170,"href":"https:\/\/www.iconex.cl\/index.php\/wp-json\/wp\/v2\/pages\/2109\/revisions\/2170"}],"wp:attachment":[{"href":"https:\/\/www.iconex.cl\/index.php\/wp-json\/wp\/v2\/media?parent=2109"}],"curies":[{"name":"wp","href":"https:\/\/api.w.org\/{rel}","templated":true}]}}