{"id":2443,"date":"2025-05-15T16:23:28","date_gmt":"2025-05-15T20:23:28","guid":{"rendered":"https:\/\/www.iconex.cl\/?page_id=2443"},"modified":"2025-05-15T17:16:57","modified_gmt":"2025-05-15T21:16:57","slug":"blog-noticias","status":"publish","type":"page","link":"https:\/\/www.iconex.cl\/index.php\/blog-noticias\/","title":{"rendered":"Blog \/ Noticias"},"content":{"rendered":"\t\t<div data-elementor-type=\"wp-page\" data-elementor-id=\"2443\" class=\"elementor elementor-2443\">\n\t\t\t\t\t\t<section class=\"elementor-section elementor-top-section elementor-element elementor-element-0e6c740 elementor-section-boxed elementor-section-height-default elementor-section-height-default\" data-id=\"0e6c740\" data-element_type=\"section\" data-e-type=\"section\" data-settings=\"{&quot;background_background&quot;:&quot;slideshow&quot;,&quot;background_slideshow_gallery&quot;:[{&quot;id&quot;:1814,&quot;url&quot;:&quot;https:\\\/\\\/www.iconex.cl\\\/wp-content\\\/uploads\\\/2023\\\/02\\\/8-2.jpg&quot;},{&quot;id&quot;:1815,&quot;url&quot;:&quot;https:\\\/\\\/www.iconex.cl\\\/wp-content\\\/uploads\\\/2023\\\/02\\\/9-1.jpg&quot;}],&quot;background_slideshow_slide_duration&quot;:3000,&quot;background_slideshow_ken_burns&quot;:&quot;yes&quot;,&quot;background_slideshow_loop&quot;:&quot;yes&quot;,&quot;background_slideshow_slide_transition&quot;:&quot;fade&quot;,&quot;background_slideshow_transition_duration&quot;:500,&quot;background_slideshow_ken_burns_zoom_direction&quot;:&quot;in&quot;}\">\n\t\t\t\t\t\t\t<div class=\"elementor-background-overlay\"><\/div>\n\t\t\t\t\t\t\t<div class=\"elementor-container elementor-column-gap-no\">\n\t\t\t\t\t<div class=\"elementor-column elementor-col-100 elementor-top-column elementor-element elementor-element-e1130fe\" data-id=\"e1130fe\" data-element_type=\"column\" data-e-type=\"column\">\n\t\t\t<div class=\"elementor-widget-wrap elementor-element-populated\">\n\t\t\t\t\t\t<div class=\"elementor-element elementor-element-e1c22a1 elementor-widget elementor-widget-heading\" data-id=\"e1c22a1\" data-element_type=\"widget\" data-e-type=\"widget\" data-widget_type=\"heading.default\">\n\t\t\t\t<div class=\"elementor-widget-container\">\n\t\t\t\t\t<h1 class=\"elementor-heading-title elementor-size-default\">Blog \/ Noticias<\/h1>\t\t\t\t<\/div>\n\t\t\t\t<\/div>\n\t\t\t\t\t<\/div>\n\t\t<\/div>\n\t\t\t\t\t<\/div>\n\t\t<\/section>\n\t\t\t\t<section class=\"elementor-section elementor-top-section elementor-element elementor-element-3c48715 elementor-section-boxed elementor-section-height-default elementor-section-height-default\" data-id=\"3c48715\" data-element_type=\"section\" data-e-type=\"section\" data-settings=\"{&quot;background_background&quot;:&quot;classic&quot;}\">\n\t\t\t\t\t\t<div class=\"elementor-container elementor-column-gap-no\">\n\t\t\t\t\t<div class=\"elementor-column elementor-col-100 elementor-top-column elementor-element elementor-element-686663b\" data-id=\"686663b\" data-element_type=\"column\" data-e-type=\"column\">\n\t\t\t<div class=\"elementor-widget-wrap elementor-element-populated\">\n\t\t\t\t\t\t<div class=\"elementor-element elementor-element-b3d1871 uael-post__link-complete-yes elementor-widget elementor-widget-uael-posts\" data-id=\"b3d1871\" data-element_type=\"widget\" data-e-type=\"widget\" data-settings=\"{&quot;event_slides_to_show&quot;:3,&quot;event_slides_to_show_tablet&quot;:2,&quot;event_slides_to_show_mobile&quot;:1,&quot;event_show_filters&quot;:&quot;no&quot;}\" data-widget_type=\"uael-posts.event\">\n\t\t\t\t<div class=\"elementor-widget-container\">\n\t\t\t\t\t\t\t<div class=\"uael-post__header\">\n\t\t\t\t\t<\/div>\n\t\t<div class=\"uael-post__body\">\n\t\t\t\n\t\t\n\t\t<div class=\"uael-post-grid uael-posts\" data-query-type=\"custom\" data-structure=\"normal\" data-layout=\"\" data-page=\"2443\" data-skin=\"event\" data-filter-default=\"\" data-offset-top=\"30\" >\n\n\t\t\t\t\t\t\t<div class=\"uael-post-grid__inner uael-post__columns-3 uael-post__columns-tablet-2 uael-post__columns-mobile-1\">\n\t\t\t\n\n<div class=\"uael-post-wrapper   blog \">\n\t<div class=\"uael-post__bg-wrap\">\n\n\t\t\t\t\t<a href=\"https:\/\/www.iconex.cl\/index.php\/2025\/06\/05\/certificacion-en-trabajos-en-altura\/\" target=\"_blank\" class=\"uael-post__complete-box-overlay\" aria-label=\"Link Complete Box\"><\/a>\n\t\t\t\t\n\t\t<div class=\"uael-post__inner-wrap\">\n\n\t\t\t\t<div class=\"uael-post__thumbnail \">\n\t\t\t\t\t\t<a target=\"_self\" href=\"https:\/\/www.iconex.cl\/index.php\/2025\/06\/05\/certificacion-en-trabajos-en-altura\/\" title=\"Certificaci\u00f3n en Trabajos en Altura\"><img fetchpriority=\"high\" decoding=\"async\" width=\"2560\" height=\"1920\" src=\"https:\/\/www.iconex.cl\/wp-content\/uploads\/2025\/06\/a8abed83-ba33-42f4-ae4e-b72c1ae65d0b-scaled.jpg\" class=\"attachment-full size-full wp-image-2527\" alt=\"\" srcset=\"https:\/\/www.iconex.cl\/wp-content\/uploads\/2025\/06\/a8abed83-ba33-42f4-ae4e-b72c1ae65d0b-scaled.jpg 2560w, https:\/\/www.iconex.cl\/wp-content\/uploads\/2025\/06\/a8abed83-ba33-42f4-ae4e-b72c1ae65d0b-300x225.jpg 300w, https:\/\/www.iconex.cl\/wp-content\/uploads\/2025\/06\/a8abed83-ba33-42f4-ae4e-b72c1ae65d0b-1024x768.jpg 1024w, https:\/\/www.iconex.cl\/wp-content\/uploads\/2025\/06\/a8abed83-ba33-42f4-ae4e-b72c1ae65d0b-768x576.jpg 768w, https:\/\/www.iconex.cl\/wp-content\/uploads\/2025\/06\/a8abed83-ba33-42f4-ae4e-b72c1ae65d0b-1536x1152.jpg 1536w, https:\/\/www.iconex.cl\/wp-content\/uploads\/2025\/06\/a8abed83-ba33-42f4-ae4e-b72c1ae65d0b-2048x1536.jpg 2048w\" sizes=\"(max-width: 2560px) 100vw, 2560px\" \/><\/a>\n\t\t\t\t\t<div class=\"uael-post__datebox \">\n\t\t\t\t<div class=\"uael-post__date-wrap\">\n\t\t\t\t\t\t\t\t\t\t<span class='uael-post__date-month'>May<\/span><span class='uael-post__date-day'>06<\/span>\t\t\t\t<\/div>\t\t\t\t\n\t\t\t<\/div>\n\t\t<\/div>\n\t\t\n\t\t\t\n\t\t\t<div class=\"uael-post__content-wrap\">\n\n\t\t\t\t\t<h4 class=\"uael-post__title\">\n\n\t\t\n\t\t\t\t\t\t<a href=\"https:\/\/www.iconex.cl\/index.php\/2025\/06\/05\/certificacion-en-trabajos-en-altura\/\" target=\"_self\">\n\t\t\t\tCertificaci\u00f3n en Trabajos en Altura\t\t\t<\/a>\n\n\t\t\t\t<\/h4>\n\t\t\n\t\t<div class=\"uael-post__excerpt\">\n\t\t\tReafirmamos nuestro compromiso con la seguridad: Certificaci\u00f3n en Trabajos en Altura En ICONEX, la seguridad de nuestro equipo es una prioridad. Iniciamos la renovaci\u00f3n de\t\t<\/div>\n\n\t\t\t\t\t<a class=\"uael-post__read-more elementor-button\" href=\"https:\/\/www.iconex.cl\/index.php\/2025\/06\/05\/certificacion-en-trabajos-en-altura\/\" target=\"_self\" aria-labelledby=\"uael-post-2523\">\n\t\t\t\t\t<span class=\"elementor-button-content-wrapper\">\n\t\t\t\t\t\t\t\t\t\t\t\t\t\t<span class=\"elementor-button-icon elementor-align-icon-left\">\n\n\t\t\t\t\t\t\t\t\t\n\t\t\t\t\t\t\t\t<\/span>\n\t\t\t\t\t\t\t\t\t\t\t\t\t\n\t\t\t\t\t\t<span class=\"elementor-button-text\" id=uael-post-2523>Leer m\u00e1s \u2192<\/span>\n\t\t\t\t\t<\/span>\n\t\t\t\t<\/a>\n\t\t\t\t\t\t<\/div>\n\t\t\t\n\t\t<\/div>\n\t\t\n\n\t<\/div>\n\n<\/div>\n\n\n<div class=\"uael-post-wrapper   blog \">\n\t<div class=\"uael-post__bg-wrap\">\n\n\t\t\t\t\t<a href=\"https:\/\/www.iconex.cl\/index.php\/2025\/05\/15\/competencia_tercera\/\" target=\"_blank\" class=\"uael-post__complete-box-overlay\" aria-label=\"Link Complete Box\"><\/a>\n\t\t\t\t\n\t\t<div class=\"uael-post__inner-wrap\">\n\n\t\t\t\t<div class=\"uael-post__thumbnail \">\n\t\t\t\t\t\t<a target=\"_self\" href=\"https:\/\/www.iconex.cl\/index.php\/2025\/05\/15\/competencia_tercera\/\" title=\"COMPETENCIA TERCERA COMPA\u00d1\u00cdA VI\u00d1A DEL MAR 2025\"><img decoding=\"async\" width=\"768\" height=\"1024\" src=\"https:\/\/www.iconex.cl\/wp-content\/uploads\/2025\/05\/25f4d044-61b3-487b-b298-6f97db216699.jpg\" class=\"attachment-full size-full wp-image-2459\" alt=\"\" srcset=\"https:\/\/www.iconex.cl\/wp-content\/uploads\/2025\/05\/25f4d044-61b3-487b-b298-6f97db216699.jpg 768w, https:\/\/www.iconex.cl\/wp-content\/uploads\/2025\/05\/25f4d044-61b3-487b-b298-6f97db216699-225x300.jpg 225w\" sizes=\"(max-width: 768px) 100vw, 768px\" \/><\/a>\n\t\t\t\t\t<div class=\"uael-post__datebox \">\n\t\t\t\t<div class=\"uael-post__date-wrap\">\n\t\t\t\t\t\t\t\t\t\t<span class='uael-post__date-month'>Abr<\/span><span class='uael-post__date-day'>29<\/span>\t\t\t\t<\/div>\t\t\t\t\n\t\t\t<\/div>\n\t\t<\/div>\n\t\t\n\t\t\t\n\t\t\t<div class=\"uael-post__content-wrap\">\n\n\t\t\t\t\t<h4 class=\"uael-post__title\">\n\n\t\t\n\t\t\t\t\t\t<a href=\"https:\/\/www.iconex.cl\/index.php\/2025\/05\/15\/competencia_tercera\/\" target=\"_self\">\n\t\t\t\tCOMPETENCIA TERCERA COMPA\u00d1\u00cdA VI\u00d1A DEL MAR 2025\t\t\t<\/a>\n\n\t\t\t\t<\/h4>\n\t\t\n\t\t<div class=\"uael-post__excerpt\">\n\t\t\tLa COMPETENCIA TERCERA COMPA\u00d1\u00cdA VI\u00d1A DEL MAR 2025 fue un verdadero homenaje al valor, compromiso y preparaci\u00f3n de nuestros bomberos, que d\u00eda a d\u00eda enfrentan\t\t<\/div>\n\n\t\t\t\t\t<a class=\"uael-post__read-more elementor-button\" href=\"https:\/\/www.iconex.cl\/index.php\/2025\/05\/15\/competencia_tercera\/\" target=\"_self\" aria-labelledby=\"uael-post-2457\">\n\t\t\t\t\t<span class=\"elementor-button-content-wrapper\">\n\t\t\t\t\t\t\t\t\t\t\t\t\t\t<span class=\"elementor-button-icon elementor-align-icon-left\">\n\n\t\t\t\t\t\t\t\t\t\n\t\t\t\t\t\t\t\t<\/span>\n\t\t\t\t\t\t\t\t\t\t\t\t\t\n\t\t\t\t\t\t<span class=\"elementor-button-text\" id=uael-post-2457>Leer m\u00e1s \u2192<\/span>\n\t\t\t\t\t<\/span>\n\t\t\t\t<\/a>\n\t\t\t\t\t\t<\/div>\n\t\t\t\n\t\t<\/div>\n\t\t\n\n\t<\/div>\n\n<\/div>\n\t\t\t\t<\/div>\n\t\t\t\t\t\t\n\t\t<\/div>\n\n\t\t\t\t\t\t<\/div>\n\t\t<div class=\"uael-post__footer\">\n\t\t\t\t\t<\/div>\n\t\t\t\t\t\t<\/div>\n\t\t\t\t<\/div>\n\t\t\t\t\t<\/div>\n\t\t<\/div>\n\t\t\t\t\t<\/div>\n\t\t<\/section>\n\t\t\t\t<\/div>\n\t\t","protected":false},"excerpt":{"rendered":"<p>Blog \/ Noticias May15 COMPETENCIA TERCERA COMPA\u00d1\u00cdA VI\u00d1A DEL MAR 2025 La COMPETENCIA TERCERA COMPA\u00d1\u00cdA VI\u00d1A DEL MAR 2025 fue un verdadero homenaje al valor, compromiso y preparaci\u00f3n de nuestros bomberos, que d\u00eda a d\u00eda enfrentan Leer m\u00e1s \u2192<\/p>\n","protected":false},"author":4,"featured_media":0,"parent":0,"menu_order":0,"comment_status":"closed","ping_status":"closed","template":"","meta":{"site-sidebar-layout":"no-sidebar","site-content-layout":"page-builder","ast-site-content-layout":"full-width-container","site-content-style":"default","site-sidebar-style":"default","ast-global-header-display":"","ast-banner-title-visibility":"","ast-main-header-display":"","ast-hfb-above-header-display":"","ast-hfb-below-header-display":"","ast-hfb-mobile-header-display":"","site-post-title":"disabled","ast-breadcrumbs-content":"","ast-featured-img":"disabled","footer-sml-layout":"","ast-disable-related-posts":"","theme-transparent-header-meta":"default","adv-header-id-meta":"","stick-header-meta":"","header-above-stick-meta":"","header-main-stick-meta":"","header-below-stick-meta":"","astra-migrate-meta-layouts":"set","ast-page-background-enabled":"default","ast-page-background-meta":{"desktop":{"background-color":"var(--ast-global-color-4)","background-image":"","background-repeat":"repeat","background-position":"center center","background-size":"auto","background-attachment":"scroll","background-type":"","background-media":"","overlay-type":"","overlay-color":"","overlay-opacity":"","overlay-gradient":""},"tablet":{"background-color":"","background-image":"","background-repeat":"repeat","background-position":"center center","background-size":"auto","background-attachment":"scroll","background-type":"","background-media":"","overlay-type":"","overlay-color":"","overlay-opacity":"","overlay-gradient":""},"mobile":{"background-color":"","background-image":"","background-repeat":"repeat","background-position":"center center","background-size":"auto","background-attachment":"scroll","background-type":"","background-media":"","overlay-type":"","overlay-color":"","overlay-opacity":"","overlay-gradient":""}},"ast-content-background-meta":{"desktop":{"background-color":"var(--ast-global-color-5)","background-image":"","background-repeat":"repeat","background-position":"center center","background-size":"auto","background-attachment":"scroll","background-type":"","background-media":"","overlay-type":"","overlay-color":"","overlay-opacity":"","overlay-gradient":""},"tablet":{"background-color":"var(--ast-global-color-5)","background-image":"","background-repeat":"repeat","background-position":"center center","background-size":"auto","background-attachment":"scroll","background-type":"","background-media":"","overlay-type":"","overlay-color":"","overlay-opacity":"","overlay-gradient":""},"mobile":{"background-color":"var(--ast-global-color-5)","background-image":"","background-repeat":"repeat","background-position":"center center","background-size":"auto","background-attachment":"scroll","background-type":"","background-media":"","overlay-type":"","overlay-color":"","overlay-opacity":"","overlay-gradient":""}},"footnotes":""},"class_list":["post-2443","page","type-page","status-publish","hentry"],"yoast_head":"<!-- This site is optimized with the Yoast SEO plugin v27.5 - https:\/\/yoast.com\/product\/yoast-seo-wordpress\/ -->\n<title>Blog \/ Noticias - ICONEX - Conectividad a Tu Alcance<\/title>\n<meta name=\"robots\" content=\"index, follow, max-snippet:-1, max-image-preview:large, max-video-preview:-1\" \/>\n<link rel=\"canonical\" href=\"https:\/\/www.iconex.cl\/index.php\/blog-noticias\/\" \/>\n<meta property=\"og:locale\" content=\"es_ES\" \/>\n<meta property=\"og:type\" content=\"article\" \/>\n<meta property=\"og:title\" content=\"Blog \/ Noticias - ICONEX - Conectividad a Tu Alcance\" \/>\n<meta property=\"og:description\" content=\"Blog \/ Noticias May15 COMPETENCIA TERCERA COMPA\u00d1\u00cdA VI\u00d1A DEL MAR 2025 La COMPETENCIA TERCERA COMPA\u00d1\u00cdA VI\u00d1A DEL MAR 2025 fue un verdadero homenaje al valor, compromiso y preparaci\u00f3n de nuestros bomberos, que d\u00eda a d\u00eda enfrentan Leer m\u00e1s \u2192\" \/>\n<meta property=\"og:url\" content=\"https:\/\/www.iconex.cl\/index.php\/blog-noticias\/\" \/>\n<meta property=\"og:site_name\" content=\"ICONEX - Conectividad a Tu Alcance\" \/>\n<meta property=\"article:publisher\" content=\"https:\/\/www.facebook.com\/IconexSpA\" \/>\n<meta property=\"article:modified_time\" content=\"2025-05-15T21:16:57+00:00\" \/>\n<meta property=\"og:image\" content=\"https:\/\/www.iconex.cl\/wp-content\/uploads\/2025\/05\/25f4d044-61b3-487b-b298-6f97db216699.jpg\" \/>\n<meta name=\"twitter:card\" content=\"summary_large_image\" \/>\n<meta name=\"twitter:site\" content=\"@IconexSpa\" \/>\n<script type=\"application\/ld+json\" class=\"yoast-schema-graph\">{\"@context\":\"https:\\\/\\\/schema.org\",\"@graph\":[{\"@type\":\"WebPage\",\"@id\":\"https:\\\/\\\/www.iconex.cl\\\/index.php\\\/blog-noticias\\\/\",\"url\":\"https:\\\/\\\/www.iconex.cl\\\/index.php\\\/blog-noticias\\\/\",\"name\":\"Blog \\\/ Noticias - ICONEX - Conectividad a Tu Alcance\",\"isPartOf\":{\"@id\":\"https:\\\/\\\/www.iconex.cl\\\/#website\"},\"primaryImageOfPage\":{\"@id\":\"https:\\\/\\\/www.iconex.cl\\\/index.php\\\/blog-noticias\\\/#primaryimage\"},\"image\":{\"@id\":\"https:\\\/\\\/www.iconex.cl\\\/index.php\\\/blog-noticias\\\/#primaryimage\"},\"thumbnailUrl\":\"https:\\\/\\\/www.iconex.cl\\\/wp-content\\\/uploads\\\/2025\\\/05\\\/25f4d044-61b3-487b-b298-6f97db216699.jpg\",\"datePublished\":\"2025-05-15T20:23:28+00:00\",\"dateModified\":\"2025-05-15T21:16:57+00:00\",\"breadcrumb\":{\"@id\":\"https:\\\/\\\/www.iconex.cl\\\/index.php\\\/blog-noticias\\\/#breadcrumb\"},\"inLanguage\":\"es\",\"potentialAction\":[{\"@type\":\"ReadAction\",\"target\":[\"https:\\\/\\\/www.iconex.cl\\\/index.php\\\/blog-noticias\\\/\"]}]},{\"@type\":\"ImageObject\",\"inLanguage\":\"es\",\"@id\":\"https:\\\/\\\/www.iconex.cl\\\/index.php\\\/blog-noticias\\\/#primaryimage\",\"url\":\"https:\\\/\\\/www.iconex.cl\\\/wp-content\\\/uploads\\\/2025\\\/05\\\/25f4d044-61b3-487b-b298-6f97db216699.jpg\",\"contentUrl\":\"https:\\\/\\\/www.iconex.cl\\\/wp-content\\\/uploads\\\/2025\\\/05\\\/25f4d044-61b3-487b-b298-6f97db216699.jpg\",\"width\":768,\"height\":1024},{\"@type\":\"BreadcrumbList\",\"@id\":\"https:\\\/\\\/www.iconex.cl\\\/index.php\\\/blog-noticias\\\/#breadcrumb\",\"itemListElement\":[{\"@type\":\"ListItem\",\"position\":1,\"name\":\"Portada\",\"item\":\"https:\\\/\\\/www.iconex.cl\\\/\"},{\"@type\":\"ListItem\",\"position\":2,\"name\":\"Blog \\\/ Noticias\"}]},{\"@type\":\"WebSite\",\"@id\":\"https:\\\/\\\/www.iconex.cl\\\/#website\",\"url\":\"https:\\\/\\\/www.iconex.cl\\\/\",\"name\":\"ICONEX - Conectividad a Tu Alcance\",\"description\":\"Internet de Alta Velocidad\",\"publisher\":{\"@id\":\"https:\\\/\\\/www.iconex.cl\\\/#organization\"},\"potentialAction\":[{\"@type\":\"SearchAction\",\"target\":{\"@type\":\"EntryPoint\",\"urlTemplate\":\"https:\\\/\\\/www.iconex.cl\\\/?s={search_term_string}\"},\"query-input\":{\"@type\":\"PropertyValueSpecification\",\"valueRequired\":true,\"valueName\":\"search_term_string\"}}],\"inLanguage\":\"es\"},{\"@type\":\"Organization\",\"@id\":\"https:\\\/\\\/www.iconex.cl\\\/#organization\",\"name\":\"ICONEX SpA\",\"url\":\"https:\\\/\\\/www.iconex.cl\\\/\",\"logo\":{\"@type\":\"ImageObject\",\"inLanguage\":\"es\",\"@id\":\"https:\\\/\\\/www.iconex.cl\\\/#\\\/schema\\\/logo\\\/image\\\/\",\"url\":\"https:\\\/\\\/www.iconex.cl\\\/wp-content\\\/uploads\\\/2023\\\/11\\\/cropped-1.png\",\"contentUrl\":\"https:\\\/\\\/www.iconex.cl\\\/wp-content\\\/uploads\\\/2023\\\/11\\\/cropped-1.png\",\"width\":1920,\"height\":449,\"caption\":\"ICONEX SpA\"},\"image\":{\"@id\":\"https:\\\/\\\/www.iconex.cl\\\/#\\\/schema\\\/logo\\\/image\\\/\"},\"sameAs\":[\"https:\\\/\\\/www.facebook.com\\\/IconexSpA\",\"https:\\\/\\\/x.com\\\/IconexSpa\",\"https:\\\/\\\/www.instagram.com\\\/iconexspa\\\/\"]}]}<\/script>\n<!-- \/ Yoast SEO plugin. -->","yoast_head_json":{"title":"Blog \/ Noticias - ICONEX - Conectividad a Tu Alcance","robots":{"index":"index","follow":"follow","max-snippet":"max-snippet:-1","max-image-preview":"max-image-preview:large","max-video-preview":"max-video-preview:-1"},"canonical":"https:\/\/www.iconex.cl\/index.php\/blog-noticias\/","og_locale":"es_ES","og_type":"article","og_title":"Blog \/ Noticias - ICONEX - Conectividad a Tu Alcance","og_description":"Blog \/ Noticias May15 COMPETENCIA TERCERA COMPA\u00d1\u00cdA VI\u00d1A DEL MAR 2025 La COMPETENCIA TERCERA COMPA\u00d1\u00cdA VI\u00d1A DEL MAR 2025 fue un verdadero homenaje al valor, compromiso y preparaci\u00f3n de nuestros bomberos, que d\u00eda a d\u00eda enfrentan Leer m\u00e1s \u2192","og_url":"https:\/\/www.iconex.cl\/index.php\/blog-noticias\/","og_site_name":"ICONEX - Conectividad a Tu Alcance","article_publisher":"https:\/\/www.facebook.com\/IconexSpA","article_modified_time":"2025-05-15T21:16:57+00:00","og_image":[{"url":"https:\/\/www.iconex.cl\/wp-content\/uploads\/2025\/05\/25f4d044-61b3-487b-b298-6f97db216699.jpg","type":"","width":"","height":""}],"twitter_card":"summary_large_image","twitter_site":"@IconexSpa","schema":{"@context":"https:\/\/schema.org","@graph":[{"@type":"WebPage","@id":"https:\/\/www.iconex.cl\/index.php\/blog-noticias\/","url":"https:\/\/www.iconex.cl\/index.php\/blog-noticias\/","name":"Blog \/ Noticias - ICONEX - Conectividad a Tu Alcance","isPartOf":{"@id":"https:\/\/www.iconex.cl\/#website"},"primaryImageOfPage":{"@id":"https:\/\/www.iconex.cl\/index.php\/blog-noticias\/#primaryimage"},"image":{"@id":"https:\/\/www.iconex.cl\/index.php\/blog-noticias\/#primaryimage"},"thumbnailUrl":"https:\/\/www.iconex.cl\/wp-content\/uploads\/2025\/05\/25f4d044-61b3-487b-b298-6f97db216699.jpg","datePublished":"2025-05-15T20:23:28+00:00","dateModified":"2025-05-15T21:16:57+00:00","breadcrumb":{"@id":"https:\/\/www.iconex.cl\/index.php\/blog-noticias\/#breadcrumb"},"inLanguage":"es","potentialAction":[{"@type":"ReadAction","target":["https:\/\/www.iconex.cl\/index.php\/blog-noticias\/"]}]},{"@type":"ImageObject","inLanguage":"es","@id":"https:\/\/www.iconex.cl\/index.php\/blog-noticias\/#primaryimage","url":"https:\/\/www.iconex.cl\/wp-content\/uploads\/2025\/05\/25f4d044-61b3-487b-b298-6f97db216699.jpg","contentUrl":"https:\/\/www.iconex.cl\/wp-content\/uploads\/2025\/05\/25f4d044-61b3-487b-b298-6f97db216699.jpg","width":768,"height":1024},{"@type":"BreadcrumbList","@id":"https:\/\/www.iconex.cl\/index.php\/blog-noticias\/#breadcrumb","itemListElement":[{"@type":"ListItem","position":1,"name":"Portada","item":"https:\/\/www.iconex.cl\/"},{"@type":"ListItem","position":2,"name":"Blog \/ Noticias"}]},{"@type":"WebSite","@id":"https:\/\/www.iconex.cl\/#website","url":"https:\/\/www.iconex.cl\/","name":"ICONEX - Conectividad a Tu Alcance","description":"Internet de Alta Velocidad","publisher":{"@id":"https:\/\/www.iconex.cl\/#organization"},"potentialAction":[{"@type":"SearchAction","target":{"@type":"EntryPoint","urlTemplate":"https:\/\/www.iconex.cl\/?s={search_term_string}"},"query-input":{"@type":"PropertyValueSpecification","valueRequired":true,"valueName":"search_term_string"}}],"inLanguage":"es"},{"@type":"Organization","@id":"https:\/\/www.iconex.cl\/#organization","name":"ICONEX SpA","url":"https:\/\/www.iconex.cl\/","logo":{"@type":"ImageObject","inLanguage":"es","@id":"https:\/\/www.iconex.cl\/#\/schema\/logo\/image\/","url":"https:\/\/www.iconex.cl\/wp-content\/uploads\/2023\/11\/cropped-1.png","contentUrl":"https:\/\/www.iconex.cl\/wp-content\/uploads\/2023\/11\/cropped-1.png","width":1920,"height":449,"caption":"ICONEX SpA"},"image":{"@id":"https:\/\/www.iconex.cl\/#\/schema\/logo\/image\/"},"sameAs":["https:\/\/www.facebook.com\/IconexSpA","https:\/\/x.com\/IconexSpa","https:\/\/www.instagram.com\/iconexspa\/"]}]}},"_links":{"self":[{"href":"https:\/\/www.iconex.cl\/index.php\/wp-json\/wp\/v2\/pages\/2443","targetHints":{"allow":["GET"]}}],"collection":[{"href":"https:\/\/www.iconex.cl\/index.php\/wp-json\/wp\/v2\/pages"}],"about":[{"href":"https:\/\/www.iconex.cl\/index.php\/wp-json\/wp\/v2\/types\/page"}],"author":[{"embeddable":true,"href":"https:\/\/www.iconex.cl\/index.php\/wp-json\/wp\/v2\/users\/4"}],"replies":[{"embeddable":true,"href":"https:\/\/www.iconex.cl\/index.php\/wp-json\/wp\/v2\/comments?post=2443"}],"version-history":[{"count":22,"href":"https:\/\/www.iconex.cl\/index.php\/wp-json\/wp\/v2\/pages\/2443\/revisions"}],"predecessor-version":[{"id":2472,"href":"https:\/\/www.iconex.cl\/index.php\/wp-json\/wp\/v2\/pages\/2443\/revisions\/2472"}],"wp:attachment":[{"href":"https:\/\/www.iconex.cl\/index.php\/wp-json\/wp\/v2\/media?parent=2443"}],"curies":[{"name":"wp","href":"https:\/\/api.w.org\/{rel}","templated":true}]}}